{"id":613,"date":"2025-10-29T12:15:54","date_gmt":"2025-10-29T11:15:54","guid":{"rendered":"https:\/\/myroute.cz\/?page_id=613"},"modified":"2025-10-29T12:59:33","modified_gmt":"2025-10-29T11:59:33","slug":"sardinie-2025","status":"publish","type":"page","link":"https:\/\/myroute.cz\/index.php\/sardinie-2025\/","title":{"rendered":"Sardinie (2025)"},"content":{"rendered":"\n<figure class=\"wp-block-table is-style-stripes\"><table class=\"has-fixed-layout\"><tbody><tr><td class=\"has-text-align-left\" data-align=\"left\">Term\u00edn cesty<\/td><td>30.8. &#8211; 7.9. 2025<\/td><\/tr><tr><td class=\"has-text-align-left\" data-align=\"left\">Celkem najeto<\/td><td>0 km<\/td><\/tr><tr><td class=\"has-text-align-left\" data-align=\"left\">Celkov\u00fd \u010das j\u00edzdy<\/td><td>0h 0min<\/td><\/tr><tr><td class=\"has-text-align-left\" data-align=\"left\">Pr\u016fm\u011brn\u00e1 rychlost<\/td><td>0 km\/h<\/td><\/tr><tr><td class=\"has-text-align-left\" data-align=\"left\">Pr\u016fm\u011brn\u00e1 spot\u0159eba<\/td><td>0.0L \/ 100km<\/td><\/tr><tr><td class=\"has-text-align-left\" data-align=\"left\">N\u00e1klady na cestu (Benz\u00edn\/span\u00ed\/j\u00eddlo\/poji\u0161t\u011bn\u00ed atp.)<br><\/td><td>794,8\u20ac \/ cca 1666 K\u010d<\/td><\/tr><\/tbody><\/table><\/figure>\n\n\n\n<iframe loading=\"lazy\" src=\"https:\/\/www.google.com\/maps\/d\/embed?mid=19fIIoFqYchIq8goS8NWmdQ96qZRGvao&#038;ehbc=2E312F\" width=\"640\" height=\"480\"><\/iframe>\n\n\n\n<p><\/p>\n","protected":false},"excerpt":{"rendered":"<p>Term\u00edn cesty 30.8. &#8211; 7.9. 2025 Celkem najeto 0 km Celkov\u00fd \u010das j\u00edzdy 0h 0min Pr\u016fm\u011brn\u00e1 rychlost 0 km\/h Pr\u016fm\u011brn\u00e1 spot\u0159eba 0.0L \/ 100km N\u00e1klady na cestu (Benz\u00edn\/span\u00ed\/j\u00eddlo\/poji\u0161t\u011bn\u00ed atp.) 794,8\u20ac \/ cca 1666 K\u010d<\/p>\n","protected":false},"author":1,"featured_media":0,"parent":0,"menu_order":0,"comment_status":"closed","ping_status":"closed","template":"","meta":{"_uf_show_specific_survey":0,"_uf_disable_surveys":false,"footnotes":""},"class_list":["post-613","page","type-page","status-publish","hentry"],"_links":{"self":[{"href":"https:\/\/myroute.cz\/index.php\/wp-json\/wp\/v2\/pages\/613","targetHints":{"allow":["GET"]}}],"collection":[{"href":"https:\/\/myroute.cz\/index.php\/wp-json\/wp\/v2\/pages"}],"about":[{"href":"https:\/\/myroute.cz\/index.php\/wp-json\/wp\/v2\/types\/page"}],"author":[{"embeddable":true,"href":"https:\/\/myroute.cz\/index.php\/wp-json\/wp\/v2\/users\/1"}],"replies":[{"embeddable":true,"href":"https:\/\/myroute.cz\/index.php\/wp-json\/wp\/v2\/comments?post=613"}],"version-history":[{"count":6,"href":"https:\/\/myroute.cz\/index.php\/wp-json\/wp\/v2\/pages\/613\/revisions"}],"predecessor-version":[{"id":625,"href":"https:\/\/myroute.cz\/index.php\/wp-json\/wp\/v2\/pages\/613\/revisions\/625"}],"wp:attachment":[{"href":"https:\/\/myroute.cz\/index.php\/wp-json\/wp\/v2\/media?parent=613"}],"curies":[{"name":"wp","href":"https:\/\/api.w.org\/{rel}","templated":true}]}}