{"id":56,"date":"2020-03-23T15:13:49","date_gmt":"2020-03-23T14:13:49","guid":{"rendered":"http:\/\/myroute.cz\/?page_id=56"},"modified":"2021-08-27T11:16:37","modified_gmt":"2021-08-27T09:16:37","slug":"ktm-1290r-adventure","status":"publish","type":"page","link":"https:\/\/myroute.cz\/index.php\/ktm-1290r-adventure\/","title":{"rendered":"KTM 1290 SAR"},"content":{"rendered":"\n<p>KTM 1290 Super Adventure R nahradila moj\u00ed b\u00fdvalou 1090R. D\u016fvodem byl ohromuj\u00edc\u00ed v\u00fdkon motoru a p\u0159\u00edle\u017eitost po\u0159\u00eddit relativn\u011b za dob\u0159e. Je to vlastn\u011b posledn\u00ed 1290 z t\u00e9to typov\u00e9 \u0159ady (douf\u00e1m tedy, \u017ee nejvychytan\u011bj\u0161\u00ed \ud83d\ude00 )<\/p>\n\n\n\n<figure class=\"wp-block-image size-large\"><img loading=\"lazy\" decoding=\"async\" width=\"1024\" height=\"576\" src=\"https:\/\/myroute.cz\/wp-content\/uploads\/2021\/08\/DSC03633-1024x576.jpg\" alt=\"\" class=\"wp-image-425\" srcset=\"https:\/\/myroute.cz\/wp-content\/uploads\/2021\/08\/DSC03633-1024x576.jpg 1024w, https:\/\/myroute.cz\/wp-content\/uploads\/2021\/08\/DSC03633-300x169.jpg 300w, https:\/\/myroute.cz\/wp-content\/uploads\/2021\/08\/DSC03633-768x432.jpg 768w, https:\/\/myroute.cz\/wp-content\/uploads\/2021\/08\/DSC03633-1536x864.jpg 1536w, https:\/\/myroute.cz\/wp-content\/uploads\/2021\/08\/DSC03633-850x478.jpg 850w, https:\/\/myroute.cz\/wp-content\/uploads\/2021\/08\/DSC03633.jpg 1920w\" sizes=\"auto, (max-width: 1024px) 100vw, 1024px\" \/><\/figure>\n\n\n\n<figure class=\"wp-block-table is-style-stripes\"><table class=\"has-fixed-layout\"><tbody><tr><td><strong>Motor<\/strong><\/td><td>1,301cc, 75-degree V-twin<\/td><td><strong>P\u0159edn\u00ed kolo<\/strong><\/td><td>90\/90 &#8211; 21<\/td><\/tr><tr><td><strong>V\u00fdkon<\/strong><\/td><td>118 kW @ 8750 rpm<\/td><td><strong>Zadn\u00ed kolo <\/strong><\/td><td>150\/70 &#8211; 18<\/td><\/tr><tr><td><strong>Krout\u00edc\u00ed<\/strong> moment<\/td><td>140 Nm<\/td><td><strong>Hmotnost<\/strong><\/td><td>217 kg<\/td><\/tr><tr><td>N\u00e1dr\u017e<\/td><td>23 L<\/td><td><strong>Celkov\u00e1 d\u00e9lka<\/strong><\/td><td>2353 mm<\/td><\/tr><\/tbody><\/table><\/figure>\n\n\n\n<p><strong>Zku\u0161enosti s 1290<\/strong>R<\/p>\n\n\n\n<ul class=\"wp-block-list\"><li>Hned z kraje m\u011b zaujal neuv\u011b\u0159iteln\u00fd motor. Oproti 1090R je to obrovsk\u00fd skok kup\u0159edu. \u0158ekl bych, \u017ee to t\u00e1hne stejn\u011b, mo\u017en\u00e1 i v\u00edc ne\u017e moje tehdej\u0161\u00ed <a rel=\"noreferrer noopener\" href=\"https:\/\/myroute.cz\/index.php\/moje-motorky\/\" data-type=\"URL\" data-id=\"https:\/\/myroute.cz\/index.php\/moje-motorky\/\" target=\"_blank\">Ducati Multistrada 1200<\/a><\/li><li>A\u010d nejsem moc fanou\u0161ek t\u011bch nov\u00fdch TFT displej\u016f, tak m\u016f\u017eu potvrdit, \u017ee je skute\u010dn\u011b dob\u0159e \u010diteln\u00fd i za slune\u010dn\u00e9ho dne. Pokud by byla varianta s klasikou, tedy ru\u010di\u010dka ot\u00e1\u010dkom\u011bru a rychlosti, bral bych tu. <\/li><li>Bezvadn\u00fd podvozek (Nastaveno na komfort, nejsem \u017e\u00e1dn\u00fd z\u00e1vodn\u00edk)<\/li><li>Slu\u0161n\u00e9 brzdy, nep\u0159ekvap\u00ed ani neuraz\u00ed.<\/li><li>V\u011btrn\u00fd \u0161t\u00edtek i p\u0159i m\u00e9 v\u00fd\u0161ce 190cm nen\u00ed v\u016fbec \u0161patn\u00fd. Uvid\u00edme, zda budu po\u0159izovat na del\u0161\u00ed cestu n\u011bco vy\u0161\u0161\u00edho.<\/li><li>Podsv\u00edcen\u00e9 ovl\u00e1dac\u00ed prvky na \u0159\u00edd\u00edtk\u00e1ch (dnes u\u017e asi standard, osobn\u011b to m\u00e1m poprv\u00e9) budou p\u0159i no\u010dn\u00ed j\u00edzd\u011b vypadat ur\u010dit\u011b dob\u0159e.<\/li><li>Motor top\u00ed a to dost. V oblast\u00ed l\u00fdtek, spodek stehen i zadek to dost top\u00ed. Omot\u00e1n\u00ed v\u00fdfuku kolena svodu trochu pom\u016f\u017ee ale je to sp\u00ed\u0161 \u00faleva pro zadn\u00ed tlumi\u010d. Je pot\u0159eba s t\u00edm po\u010d\u00edtat p\u0159ed koup\u00ed. V chladn\u011bj\u0161\u00edch obdob\u00edch je to v\u00fdhoda \ud83d\ude42 <\/li><\/ul>\n\n\n\n<p><strong>Probl\u00e9my s 1290R<\/strong><\/p>\n\n\n\n<ul class=\"wp-block-list\"><li>Hned v \u00favodu (od prvn\u00edho kilometru) \u0159e\u0161\u00edm kmitaj\u00edc\u00ed \u0159\u00edd\u00edtka od rychlosti 60 km\/h a v\u00edce. Vy\u0159e\u0161eno v r\u00e1mci reklamace (P\u0159ecentrov\u00e1n\u00ed kola a nov\u00e1 pneumatika).<\/li><\/ul>\n\n\n\n<p><\/p>\n\n\n\n<p class=\"has-text-align-left\"><\/p>\n\n\n\n<p><\/p>\n\n\n\n<p><\/p>\n","protected":false},"excerpt":{"rendered":"<p>KTM 1290 Super Adventure R nahradila moj\u00ed b\u00fdvalou 1090R. D\u016fvodem byl ohromuj\u00edc\u00ed v\u00fdkon motoru a p\u0159\u00edle\u017eitost po\u0159\u00eddit relativn\u011b za dob\u0159e. Je to vlastn\u011b posledn\u00ed 1290 z t\u00e9to typov\u00e9 \u0159ady (douf\u00e1m tedy, \u017ee nejvychytan\u011bj\u0161\u00ed \ud83d\ude00 ) Motor 1,301cc, 75-degree V-twin P\u0159edn\u00ed<\/p>\n","protected":false},"author":1,"featured_media":0,"parent":0,"menu_order":0,"comment_status":"closed","ping_status":"closed","template":"","meta":{"_uf_show_specific_survey":0,"_uf_disable_surveys":false,"footnotes":""},"class_list":["post-56","page","type-page","status-publish","hentry"],"_links":{"self":[{"href":"https:\/\/myroute.cz\/index.php\/wp-json\/wp\/v2\/pages\/56","targetHints":{"allow":["GET"]}}],"collection":[{"href":"https:\/\/myroute.cz\/index.php\/wp-json\/wp\/v2\/pages"}],"about":[{"href":"https:\/\/myroute.cz\/index.php\/wp-json\/wp\/v2\/types\/page"}],"author":[{"embeddable":true,"href":"https:\/\/myroute.cz\/index.php\/wp-json\/wp\/v2\/users\/1"}],"replies":[{"embeddable":true,"href":"https:\/\/myroute.cz\/index.php\/wp-json\/wp\/v2\/comments?post=56"}],"version-history":[{"count":32,"href":"https:\/\/myroute.cz\/index.php\/wp-json\/wp\/v2\/pages\/56\/revisions"}],"predecessor-version":[{"id":428,"href":"https:\/\/myroute.cz\/index.php\/wp-json\/wp\/v2\/pages\/56\/revisions\/428"}],"wp:attachment":[{"href":"https:\/\/myroute.cz\/index.php\/wp-json\/wp\/v2\/media?parent=56"}],"curies":[{"name":"wp","href":"https:\/\/api.w.org\/{rel}","templated":true}]}}