{"id":480,"date":"2023-05-09T09:28:06","date_gmt":"2023-05-09T07:28:06","guid":{"rendered":"http:\/\/myroute.cz\/?page_id=480"},"modified":"2023-05-09T11:10:25","modified_gmt":"2023-05-09T09:10:25","slug":"korsika-2023","status":"publish","type":"page","link":"https:\/\/myroute.cz\/index.php\/korsika-2023\/","title":{"rendered":"Korsika (2023)"},"content":{"rendered":"\n<p><strong>\u00dadaje z cesty<\/strong><\/p>\n\n\n\n<figure class=\"wp-block-table is-style-stripes\"><table><tbody><tr><td>Term\u00edn cesty<\/td><td>29.dubna &#8211;  6.kv\u011btna 2023<\/td><\/tr><tr><td>Celkem najeto<\/td><td>3605 km<\/td><\/tr><tr><td>Celkov\u00fd \u010das j\u00edzdy<\/td><td>49h 29min<\/td><\/tr><tr><td>Pr\u016fm\u011brn\u00e1 rychlost<\/td><td>72 km\/h<\/td><\/tr><tr><td>Pr\u016fm\u011brn\u00e1 spot\u0159eba<\/td><td>5.1L \/ 100km<\/td><\/tr><tr><td>N\u00e1klady na cestu (Benz\u00edn\/span\u00ed\/j\u00eddlo\/poji\u0161t\u011bn\u00ed atp.)<\/td><td>695,63\u20ac \/ 2070 K\u010d (18 709 K\u010d)<\/td><\/tr><\/tbody><\/table><figcaption class=\"wp-element-caption\"><br><strong>Mapa cesty<\/strong><\/figcaption><\/figure>\n\n\n\n<iframe loading=\"lazy\" src=\"https:\/\/www.google.com\/maps\/d\/embed?mid=1JY_EhvK9-PLzqDzVVabNj73dZQYR3gM&#038;ehbc=2E312F\" width=\"640\" height=\"480\"><\/iframe>\n","protected":false},"excerpt":{"rendered":"<p>\u00dadaje z cesty Term\u00edn cesty 29.dubna &#8211; 6.kv\u011btna 2023 Celkem najeto 3605 km Celkov\u00fd \u010das j\u00edzdy 49h 29min Pr\u016fm\u011brn\u00e1 rychlost 72 km\/h Pr\u016fm\u011brn\u00e1 spot\u0159eba 5.1L \/ 100km N\u00e1klady na cestu (Benz\u00edn\/span\u00ed\/j\u00eddlo\/poji\u0161t\u011bn\u00ed atp.) 695,63\u20ac \/ 2070 K\u010d (18 709 K\u010d) Mapa<\/p>\n","protected":false},"author":1,"featured_media":0,"parent":0,"menu_order":0,"comment_status":"closed","ping_status":"closed","template":"","meta":{"_uf_show_specific_survey":0,"_uf_disable_surveys":false,"footnotes":""},"class_list":["post-480","page","type-page","status-publish","hentry"],"_links":{"self":[{"href":"https:\/\/myroute.cz\/index.php\/wp-json\/wp\/v2\/pages\/480","targetHints":{"allow":["GET"]}}],"collection":[{"href":"https:\/\/myroute.cz\/index.php\/wp-json\/wp\/v2\/pages"}],"about":[{"href":"https:\/\/myroute.cz\/index.php\/wp-json\/wp\/v2\/types\/page"}],"author":[{"embeddable":true,"href":"https:\/\/myroute.cz\/index.php\/wp-json\/wp\/v2\/users\/1"}],"replies":[{"embeddable":true,"href":"https:\/\/myroute.cz\/index.php\/wp-json\/wp\/v2\/comments?post=480"}],"version-history":[{"count":6,"href":"https:\/\/myroute.cz\/index.php\/wp-json\/wp\/v2\/pages\/480\/revisions"}],"predecessor-version":[{"id":492,"href":"https:\/\/myroute.cz\/index.php\/wp-json\/wp\/v2\/pages\/480\/revisions\/492"}],"wp:attachment":[{"href":"https:\/\/myroute.cz\/index.php\/wp-json\/wp\/v2\/media?parent=480"}],"curies":[{"name":"wp","href":"https:\/\/api.w.org\/{rel}","templated":true}]}}