{"id":461,"date":"2022-08-31T10:07:36","date_gmt":"2022-08-31T08:07:36","guid":{"rendered":"http:\/\/myroute.cz\/?page_id=461"},"modified":"2023-05-09T11:10:49","modified_gmt":"2023-05-09T09:10:49","slug":"2022-monako","status":"publish","type":"page","link":"https:\/\/myroute.cz\/index.php\/2022-monako\/","title":{"rendered":"Monako (2022)"},"content":{"rendered":"\n<p><strong>\u00dadaje z cesty<\/strong><\/p>\n\n\n\n<figure class=\"wp-block-table is-style-stripes\"><table><tbody><tr><td>Term\u00edn cesty<\/td><td>20(so) &#8211; 28(ne) Srpen 2022 <\/td><\/tr><tr><td>Celkem najeto<\/td><td>3418 km<\/td><\/tr><tr><td>Celkov\u00fd \u010das j\u00edzdy<\/td><td>52h 32min<\/td><\/tr><tr><td>Pr\u016fm\u011brn\u00e1 rychlost<\/td><td>65 km\/h<\/td><\/tr><tr><td>Pr\u016fm\u011brn\u00e1 spot\u0159eba<\/td><td>4.8L \/ 100km<\/td><\/tr><tr><td>N\u00e1klady na cestu (Benz\u00edn\/span\u00ed\/j\u00eddlo\/poji\u0161t\u011bn\u00ed atp.)<\/td><td>585Euro \/ 2350 K\u010d<\/td><\/tr><\/tbody><\/table><\/figure>\n\n\n\n<p><strong>Mapa cesty<\/strong><\/p>\n\n\n\n<iframe loading=\"lazy\" src=\"https:\/\/www.google.com\/maps\/d\/embed?mid=1lil1X7LqY2IY7fScX51Lim8BRqs23aE&amp;ehbc=2E312F\" width=\"640\" height=\"480\"><\/iframe>\n","protected":false},"excerpt":{"rendered":"<p>\u00dadaje z cesty Term\u00edn cesty 20(so) &#8211; 28(ne) Srpen 2022 Celkem najeto 3418 km Celkov\u00fd \u010das j\u00edzdy 52h 32min Pr\u016fm\u011brn\u00e1 rychlost 65 km\/h Pr\u016fm\u011brn\u00e1 spot\u0159eba 4.8L \/ 100km N\u00e1klady na cestu (Benz\u00edn\/span\u00ed\/j\u00eddlo\/poji\u0161t\u011bn\u00ed atp.) 585Euro \/ 2350 K\u010d Mapa cesty<\/p>\n","protected":false},"author":1,"featured_media":0,"parent":0,"menu_order":0,"comment_status":"closed","ping_status":"closed","template":"","meta":{"_uf_show_specific_survey":0,"_uf_disable_surveys":false,"footnotes":""},"class_list":["post-461","page","type-page","status-publish","hentry"],"_links":{"self":[{"href":"https:\/\/myroute.cz\/index.php\/wp-json\/wp\/v2\/pages\/461","targetHints":{"allow":["GET"]}}],"collection":[{"href":"https:\/\/myroute.cz\/index.php\/wp-json\/wp\/v2\/pages"}],"about":[{"href":"https:\/\/myroute.cz\/index.php\/wp-json\/wp\/v2\/types\/page"}],"author":[{"embeddable":true,"href":"https:\/\/myroute.cz\/index.php\/wp-json\/wp\/v2\/users\/1"}],"replies":[{"embeddable":true,"href":"https:\/\/myroute.cz\/index.php\/wp-json\/wp\/v2\/comments?post=461"}],"version-history":[{"count":9,"href":"https:\/\/myroute.cz\/index.php\/wp-json\/wp\/v2\/pages\/461\/revisions"}],"predecessor-version":[{"id":493,"href":"https:\/\/myroute.cz\/index.php\/wp-json\/wp\/v2\/pages\/461\/revisions\/493"}],"wp:attachment":[{"href":"https:\/\/myroute.cz\/index.php\/wp-json\/wp\/v2\/media?parent=461"}],"curies":[{"name":"wp","href":"https:\/\/api.w.org\/{rel}","templated":true}]}}