{"id":407,"date":"2021-08-27T10:25:40","date_gmt":"2021-08-27T08:25:40","guid":{"rendered":"http:\/\/myroute.cz\/?page_id=407"},"modified":"2022-04-22T15:53:21","modified_gmt":"2022-04-22T13:53:21","slug":"motovandr-2021","status":"publish","type":"page","link":"https:\/\/myroute.cz\/index.php\/motovandr-2021\/","title":{"rendered":"Motovandr (2021)"},"content":{"rendered":"\n<p>\u00da<strong>daje z cesty<\/strong><\/p>\n\n\n\n<div class=\"wp-block-columns are-vertically-aligned-top is-layout-flex wp-container-core-columns-is-layout-9d6595d7 wp-block-columns-is-layout-flex\">\n<div class=\"wp-block-column is-vertically-aligned-top is-layout-flow wp-block-column-is-layout-flow\" style=\"flex-basis:100%\">\n<div class=\"wp-block-group\"><div class=\"wp-block-group__inner-container is-layout-flow wp-block-group-is-layout-flow\">\n<figure class=\"wp-block-table is-style-stripes\"><table><tbody><tr><td>Term\u00edn cesty<\/td><td>21(so) &#8211; 26(\u010dt) Srpen 2021<\/td><\/tr><tr><td>Celkem najeto<\/td><td>2441.4 km<\/td><\/tr><tr><td>Celkov\u00fd \u010das j\u00edzdy<\/td><td>39h 16min 31s<\/td><\/tr><tr><td>Pr\u016fm\u011brn\u00e1 rychlost<\/td><td>62 km\/h<\/td><\/tr><tr><td>Pr\u016fm\u011brn\u00e1 spot\u0159eba<\/td><td>5.0L \/ 100km<\/td><\/tr><\/tbody><\/table><\/figure>\n<\/div><\/div>\n\n\n\n<p><strong><a href=\"https:\/\/youtu.be\/tEhqaeitACA\" data-type=\"URL\" data-id=\"https:\/\/youtu.be\/tEhqaeitACA\" target=\"_blank\" rel=\"noreferrer noopener\">Video z cesty<\/a><\/strong><\/p>\n\n\n\n<p>M<strong>apa cesty<\/strong><\/p>\n\n\n\n<p>Kompletn\u00ed z\u00e1znam cesty. Ikona fotoapar\u00e1tu obsahuje v detailu fotografie m\u00edsta.<\/p>\n<\/div>\n<\/div>\n\n\n\n<iframe loading=\"lazy\" src=\"https:\/\/www.google.com\/maps\/d\/u\/0\/embed?mid=1VBiOu7YB6JTWTCBfQl3eGvPDk-wkk3LC\" width=\"640\" height=\"480\"><\/iframe>\n\n\n\n<p><\/p>\n","protected":false},"excerpt":{"rendered":"<p>\u00dadaje z cesty Term\u00edn cesty 21(so) &#8211; 26(\u010dt) Srpen 2021 Celkem najeto 2441.4 km Celkov\u00fd \u010das j\u00edzdy 39h 16min 31s Pr\u016fm\u011brn\u00e1 rychlost 62 km\/h Pr\u016fm\u011brn\u00e1 spot\u0159eba 5.0L \/ 100km Video z cesty Mapa cesty Kompletn\u00ed z\u00e1znam cesty. Ikona fotoapar\u00e1tu obsahuje<\/p>\n","protected":false},"author":1,"featured_media":0,"parent":0,"menu_order":0,"comment_status":"closed","ping_status":"closed","template":"","meta":{"_uf_show_specific_survey":0,"_uf_disable_surveys":false,"footnotes":""},"class_list":["post-407","page","type-page","status-publish","hentry"],"_links":{"self":[{"href":"https:\/\/myroute.cz\/index.php\/wp-json\/wp\/v2\/pages\/407","targetHints":{"allow":["GET"]}}],"collection":[{"href":"https:\/\/myroute.cz\/index.php\/wp-json\/wp\/v2\/pages"}],"about":[{"href":"https:\/\/myroute.cz\/index.php\/wp-json\/wp\/v2\/types\/page"}],"author":[{"embeddable":true,"href":"https:\/\/myroute.cz\/index.php\/wp-json\/wp\/v2\/users\/1"}],"replies":[{"embeddable":true,"href":"https:\/\/myroute.cz\/index.php\/wp-json\/wp\/v2\/comments?post=407"}],"version-history":[{"count":13,"href":"https:\/\/myroute.cz\/index.php\/wp-json\/wp\/v2\/pages\/407\/revisions"}],"predecessor-version":[{"id":453,"href":"https:\/\/myroute.cz\/index.php\/wp-json\/wp\/v2\/pages\/407\/revisions\/453"}],"wp:attachment":[{"href":"https:\/\/myroute.cz\/index.php\/wp-json\/wp\/v2\/media?parent=407"}],"curies":[{"name":"wp","href":"https:\/\/api.w.org\/{rel}","templated":true}]}}