{"id":40,"date":"2020-03-18T21:38:07","date_gmt":"2020-03-18T20:38:07","guid":{"rendered":"http:\/\/myroute.cz\/?page_id=40"},"modified":"2021-06-28T11:43:32","modified_gmt":"2021-06-28T09:43:32","slug":"samolepky","status":"publish","type":"page","link":"https:\/\/myroute.cz\/index.php\/samolepky\/","title":{"rendered":"Samolepky"},"content":{"rendered":"\n<p>Samolepky, kter\u00e9 jsem vylepil na m\u00edstech, kde m\u011b n\u011bco oslovilo. Sou\u010d\u00e1st\u00ed bod\u016f jsou i fotografie pro inspiraci \ud83d\ude42<\/p>\n\n\n\n<iframe loading=\"lazy\" src=\"https:\/\/www.google.com\/maps\/d\/embed?mid=1VYgHXtNyOUISAg-BOEKO3KMOPIPAzbv6\" width=\"640\" height=\"480\"><\/iframe>\n\n\n\n<p><\/p>\n","protected":false},"excerpt":{"rendered":"<p>Samolepky, kter\u00e9 jsem vylepil na m\u00edstech, kde m\u011b n\u011bco oslovilo. Sou\u010d\u00e1st\u00ed bod\u016f jsou i fotografie pro inspiraci \ud83d\ude42<\/p>\n","protected":false},"author":1,"featured_media":0,"parent":0,"menu_order":0,"comment_status":"closed","ping_status":"closed","template":"","meta":{"_uf_show_specific_survey":0,"_uf_disable_surveys":false,"footnotes":""},"class_list":["post-40","page","type-page","status-publish","hentry"],"_links":{"self":[{"href":"https:\/\/myroute.cz\/index.php\/wp-json\/wp\/v2\/pages\/40","targetHints":{"allow":["GET"]}}],"collection":[{"href":"https:\/\/myroute.cz\/index.php\/wp-json\/wp\/v2\/pages"}],"about":[{"href":"https:\/\/myroute.cz\/index.php\/wp-json\/wp\/v2\/types\/page"}],"author":[{"embeddable":true,"href":"https:\/\/myroute.cz\/index.php\/wp-json\/wp\/v2\/users\/1"}],"replies":[{"embeddable":true,"href":"https:\/\/myroute.cz\/index.php\/wp-json\/wp\/v2\/comments?post=40"}],"version-history":[{"count":6,"href":"https:\/\/myroute.cz\/index.php\/wp-json\/wp\/v2\/pages\/40\/revisions"}],"predecessor-version":[{"id":297,"href":"https:\/\/myroute.cz\/index.php\/wp-json\/wp\/v2\/pages\/40\/revisions\/297"}],"wp:attachment":[{"href":"https:\/\/myroute.cz\/index.php\/wp-json\/wp\/v2\/media?parent=40"}],"curies":[{"name":"wp","href":"https:\/\/api.w.org\/{rel}","templated":true}]}}