{"id":38,"date":"2020-03-18T21:37:33","date_gmt":"2020-03-18T20:37:33","guid":{"rendered":"http:\/\/myroute.cz\/?page_id=38"},"modified":"2021-06-28T10:32:40","modified_gmt":"2021-06-28T08:32:40","slug":"moje-motorky","status":"publish","type":"page","link":"https:\/\/myroute.cz\/index.php\/moje-motorky\/","title":{"rendered":"B\u00fdval\u00e9 stroje"},"content":{"rendered":"\n<p><strong>KTM 1090 Adventure R (2018-2021) 0km &#8211; 13000km<\/strong><\/p>\n\n\n\n<p class=\"has-text-align-left\">Moje prvn\u00ed trochu n\u00e9zcela silni\u010dn\u00ed motorka s kterou jsem prvn\u011b za\u017eil cesty i po nezpevn\u011bn\u00fdch cest\u00e1ch. Z prvu jsem m\u011bl n\u011bjak\u00e9 probl\u00e9my, co se techniky t\u00fdkalo ale to se v\u0161e vy\u0159e\u0161ilo v r\u00e1mci reklamac\u00ed cca do 3tis km. Pak u\u017e jsem jenom jezdil. D\u016fvod prodeje byla jednak kon\u010d\u00edc\u00ed z\u00e1ruka a tak\u00e9 cht\u00ed\u010d n\u011b\u010deho nov\u00e9ho, n\u011b\u010deho siln\u011bj\u0161\u00edho. P\u0159eci jen toto byl z pohledu v\u00fdkonu krok zp\u011bt naproti MTS12. Jinak super rakousk\u00fd stroj se v\u0161\u00edm v\u0161udy :-). <\/p>\n\n\n\n<p><em>Prod\u00e1no 17.4.2021<\/em><\/p>\n\n\n\n<figure class=\"wp-block-image size-large\"><img loading=\"lazy\" decoding=\"async\" width=\"1024\" height=\"654\" src=\"https:\/\/myroute.cz\/wp-content\/uploads\/2020\/03\/Bosna-e1621945832676-1024x654.jpg\" alt=\"\" class=\"wp-image-31\" srcset=\"https:\/\/myroute.cz\/wp-content\/uploads\/2020\/03\/Bosna-e1621945832676-1024x654.jpg 1024w, https:\/\/myroute.cz\/wp-content\/uploads\/2020\/03\/Bosna-e1621945832676-300x192.jpg 300w, https:\/\/myroute.cz\/wp-content\/uploads\/2020\/03\/Bosna-e1621945832676-768x491.jpg 768w, https:\/\/myroute.cz\/wp-content\/uploads\/2020\/03\/Bosna-e1621945832676.jpg 1036w\" sizes=\"auto, (max-width: 1024px) 100vw, 1024px\" \/><\/figure>\n\n\n\n<p><strong> Ducati Multistrada 1200 (2012-2017) 0km \u2013 22 100km<\/strong><\/p>\n\n\n\n<p>Nejlep\u0161\u00ed silni\u010dn\u00ed cestovn\u00ed motorka, co jsem kdy m\u011bl mo\u017enost projet. Nebylo co vytknout, fakt. Nejv\u011bt\u0161\u00ed radost \u0161la z motoru. Kdy\u017e jsem j\u00ed vyt\u00e1hl z kr\u00e1mu, tak m\u011bl projev jako by byl na sklonku \u017eivotnosti \ud83d\ude42 P\u0159evodovka m\u011bla n\u011bjak\u00e9 mu\u0161ky (neutr\u00e1l mezi 2-3) ale jinak prost\u011b par\u00e1da. D\u016fvod prodeje byla pot\u0159eba sehnat n\u011bco, co by mi nebylo l\u00edto vz\u00edt mimo asfalt, proto \u0161la do sv\u011bta. Bylo by mi l\u00edto j\u00ed n\u011bkde v\u00e1let po zemi.<\/p>\n\n\n\n<figure class=\"wp-block-image size-large\"><img decoding=\"async\" src=\"https:\/\/lh3.googleusercontent.com\/f92c0ITThlLY3qRlg2VpE2Vo8MycGK0B_j2MywYeStEUUSUu1M-g1QUASHs-Wdp7e-pwfBBJt_awMTCTVUMjDZT0By7XF75wM6PK80TrIF0_CZl_mAYoTXanDQyU4UdtySQV0Pz-R2pfG1zJdOoGk57YFfVcmOCW1e5YbNHMNt0BtUJDpsTdJhcu7-5AJuJZ_dGgNs4RUstSi0C_Rmnmv0e3lAqL_MoIzHEGrZ7BBXgSsi1zP6M-nI7fYft9yyPieiECm0cA-cR5h21SD95N8SfmT--lcU0_WPl_qHU8I9yG6wTG-WhfYD9mGUD8vfOKxQaJeUT1wEYibbTwGvGOO6MtdmYOEK5x9RUA52o4bI5lSJeCDVUI03N2kh1foenUscUgkxFuHB11Iazyeacwn23y012Nqg9KabLLy619quE1DdLL81fNtYCRQAjiEkWwjD8AFjz8CnRScd0s-XhZpPplsAxPJ08eooU0xb29tkeraNzaGtx98BRBZvIzZODv0U6iCAtwP1V715khHUUjDyxsuV_iK_LFHUhrXj8QJBAbOz0e0_YGpiiMzTB7qRik5qvDtnupu0jwON0HW6jYqNn4hA5xPrY9_vc609e5kIaSi_akcbK2dwmTxY-3-nu4RmtTIDrXGhYPj97mHzo1eUeAMzVaoDMsUnUdZahOniaKgcVDcDFare1SGQ0gXyaeOKlxOAcP1KOyOuaFaXGD6XmUTGATAyMvhZOB2_-vspJ06XmbJtvh=w1666-h937-no\" alt=\"\"\/><\/figure>\n\n\n\n<p><strong> Suzuki SV 1000 S (2007-2012) 19 000km \u2013 55 700km<\/strong><\/p>\n\n\n\n<p>Fantastick\u00fd zvuk, n\u00edzk\u00e9 provozn\u00ed n\u00e1klady. U\u017e se moc nepamatuji ale nest\u011b\u017eoval jsem si \ud83d\ude42 cestovn\u00ed motocykl to moc nebyl. Nicm\u00e9n\u011b to byla vstupenka do 2V motor\u016f u kter\u00fdch u\u017e asi z\u016fstanu.<\/p>\n\n\n\n<figure class=\"wp-block-image size-large\"><img loading=\"lazy\" decoding=\"async\" width=\"600\" height=\"450\" src=\"https:\/\/myroute.cz\/wp-content\/uploads\/2020\/03\/82.jpg\" alt=\"\" class=\"wp-image-156\" srcset=\"https:\/\/myroute.cz\/wp-content\/uploads\/2020\/03\/82.jpg 600w, https:\/\/myroute.cz\/wp-content\/uploads\/2020\/03\/82-300x225.jpg 300w\" sizes=\"auto, (max-width: 600px) 100vw, 600px\" \/><\/figure>\n\n\n\n<p><strong> Honda Hornet 600 (2005 -2007) Nev\u00edm (asi 20 000km) -42 400km<\/strong><\/p>\n\n\n\n<p>U\u017e se nevzpom\u00edn\u00e1m ale byla to prvn\u00ed siln\u00e1 motorka, kter\u00e1 m\u011bla ohromnou spot\u0159ebu a malou n\u00e1dr\u017e \ud83d\ude42 Nicm\u00e9n\u011b to byl prvn\u00ed stroj, kter\u00fd jsem nabalil a n\u011bkam vyrazil. Tak\u017ee vlastn\u011b vstupenka do cestov\u00e1n\u00ed na motorce \ud83d\ude42<\/p>\n\n\n\n<figure class=\"wp-block-image size-large\"><img loading=\"lazy\" decoding=\"async\" width=\"550\" height=\"413\" src=\"https:\/\/myroute.cz\/wp-content\/uploads\/2020\/03\/1.jpg\" alt=\"\" class=\"wp-image-157\" srcset=\"https:\/\/myroute.cz\/wp-content\/uploads\/2020\/03\/1.jpg 550w, https:\/\/myroute.cz\/wp-content\/uploads\/2020\/03\/1-300x225.jpg 300w\" sizes=\"auto, (max-width: 550px) 100vw, 550px\" \/><\/figure>\n\n\n\n<p><strong> Jawa Chopper 125 (2003 \u2013 2005) \u2013 \u0158ekl bych tak 10 000km<\/strong><\/p>\n\n\n\n<p>Moje prvn\u00ed moto zku\u0161enosti v 16letech. Brzy se dostavil nedostatek v\u00fdkonu. Cestov\u00e1n\u00ed v t\u00e9 dob\u011b nebylo na po\u0159adu dne.<\/p>\n\n\n\n<figure class=\"wp-block-image size-large\"><img loading=\"lazy\" decoding=\"async\" width=\"300\" height=\"225\" src=\"https:\/\/myroute.cz\/wp-content\/uploads\/2020\/03\/bejvalka_jawa125.jpg\" alt=\"\" class=\"wp-image-158\"\/><\/figure>\n","protected":false},"excerpt":{"rendered":"<p>KTM 1090 Adventure R (2018-2021) 0km &#8211; 13000km Moje prvn\u00ed trochu n\u00e9zcela silni\u010dn\u00ed motorka s kterou jsem prvn\u011b za\u017eil cesty i po nezpevn\u011bn\u00fdch cest\u00e1ch. Z prvu jsem m\u011bl n\u011bjak\u00e9 probl\u00e9my, co se techniky t\u00fdkalo ale to se v\u0161e vy\u0159e\u0161ilo v<\/p>\n","protected":false},"author":1,"featured_media":0,"parent":0,"menu_order":0,"comment_status":"closed","ping_status":"closed","template":"","meta":{"_uf_show_specific_survey":0,"_uf_disable_surveys":false,"footnotes":""},"class_list":["post-38","page","type-page","status-publish","hentry"],"_links":{"self":[{"href":"https:\/\/myroute.cz\/index.php\/wp-json\/wp\/v2\/pages\/38","targetHints":{"allow":["GET"]}}],"collection":[{"href":"https:\/\/myroute.cz\/index.php\/wp-json\/wp\/v2\/pages"}],"about":[{"href":"https:\/\/myroute.cz\/index.php\/wp-json\/wp\/v2\/types\/page"}],"author":[{"embeddable":true,"href":"https:\/\/myroute.cz\/index.php\/wp-json\/wp\/v2\/users\/1"}],"replies":[{"embeddable":true,"href":"https:\/\/myroute.cz\/index.php\/wp-json\/wp\/v2\/comments?post=38"}],"version-history":[{"count":20,"href":"https:\/\/myroute.cz\/index.php\/wp-json\/wp\/v2\/pages\/38\/revisions"}],"predecessor-version":[{"id":274,"href":"https:\/\/myroute.cz\/index.php\/wp-json\/wp\/v2\/pages\/38\/revisions\/274"}],"wp:attachment":[{"href":"https:\/\/myroute.cz\/index.php\/wp-json\/wp\/v2\/media?parent=38"}],"curies":[{"name":"wp","href":"https:\/\/api.w.org\/{rel}","templated":true}]}}