{"id":330,"date":"2021-07-13T12:33:18","date_gmt":"2021-07-13T10:33:18","guid":{"rendered":"http:\/\/myroute.cz\/?page_id=330"},"modified":"2021-08-03T16:32:05","modified_gmt":"2021-08-03T14:32:05","slug":"inspirace-na-cesty","status":"publish","type":"page","link":"https:\/\/myroute.cz\/index.php\/inspirace-na-cesty\/","title":{"rendered":"POI Silnice \/ Offroad"},"content":{"rendered":"\n<p>Po\u010d\u00edt\u00e1m, \u017ee by n\u00ed\u017ee uveden\u00e9 mohlo n\u011bjak\u00e9ho za\u010d\u00ednaj\u00edc\u00edho &#8222;dobrodruha&#8220; inspirovat.<\/p>\n\n\n\n<p><strong>TOP Silnice,<\/strong> kter\u00e9 jsem projel a stihl je zaznamenat. Jedn\u00e1 se p\u0159edev\u0161\u00edm o cesty zaj\u00edmav\u00e9 pro motork\u00e1\u0159e (silnice pln\u00e9 zat\u00e1\u010dek), kter\u00e9 se linou pohlednou krajinou a cel\u00e9 to podtrhuje v\u00fdborn\u00fd asfalt.<\/p>\n\n\n\n<p>Dost m\u011b tam toho sch\u00e1z\u00ed hlavn\u011b z It\u00e1lie a Francie, \u010dasem to tam do\u0165uk\u00e1m.<\/p>\n\n\n\n<iframe loading=\"lazy\" src=\"https:\/\/www.google.com\/maps\/d\/u\/0\/embed?mid=19iq4YQj2P6_zSH5fp9B1YtCn8jT44Cm9\" width=\"640\" height=\"480\"><\/iframe>\n\n\n\n<hr class=\"wp-block-separator\"\/>\n\n\n\n<p><strong>TOP Offroad,<\/strong> zachycuje n\u011bkolik nezpevn\u011bn\u00fdch cest, kter\u00e9 jsem projel s t\u011b\u017ekou motorkou a n\u011b\u010d\u00edm m\u011b zaujali. Okoln\u00ed krajina, cesta k zaj\u00edmav\u00e9mu c\u00edli nebo prost\u011b dobr\u00fd povrch. Jsou to p\u0159edev\u0161\u00edm \u0161otolinov\u00e9 cesty, zpravidla \u017e\u00e1dn\u00e1 divo\u010dina av\u0161ak z\u00e1le\u017e\u00ed na po\u010das\u00ed \ud83d\ude42 <\/p>\n\n\n\n<iframe loading=\"lazy\" src=\"https:\/\/www.google.com\/maps\/d\/u\/0\/embed?mid=1Wp0mWOszFzu8TyGu8WXCkHpTYx4zSUA8\" width=\"640\" height=\"480\"><\/iframe>\n\n\n\n<p><\/p>\n","protected":false},"excerpt":{"rendered":"<p>Po\u010d\u00edt\u00e1m, \u017ee by n\u00ed\u017ee uveden\u00e9 mohlo n\u011bjak\u00e9ho za\u010d\u00ednaj\u00edc\u00edho &#8222;dobrodruha&#8220; inspirovat. TOP Silnice, kter\u00e9 jsem projel a stihl je zaznamenat. Jedn\u00e1 se p\u0159edev\u0161\u00edm o cesty zaj\u00edmav\u00e9 pro motork\u00e1\u0159e (silnice pln\u00e9 zat\u00e1\u010dek), kter\u00e9 se linou pohlednou krajinou a cel\u00e9 to podtrhuje v\u00fdborn\u00fd<\/p>\n","protected":false},"author":1,"featured_media":0,"parent":0,"menu_order":0,"comment_status":"closed","ping_status":"closed","template":"","meta":{"_uf_show_specific_survey":0,"_uf_disable_surveys":false,"footnotes":""},"class_list":["post-330","page","type-page","status-publish","hentry"],"_links":{"self":[{"href":"https:\/\/myroute.cz\/index.php\/wp-json\/wp\/v2\/pages\/330","targetHints":{"allow":["GET"]}}],"collection":[{"href":"https:\/\/myroute.cz\/index.php\/wp-json\/wp\/v2\/pages"}],"about":[{"href":"https:\/\/myroute.cz\/index.php\/wp-json\/wp\/v2\/types\/page"}],"author":[{"embeddable":true,"href":"https:\/\/myroute.cz\/index.php\/wp-json\/wp\/v2\/users\/1"}],"replies":[{"embeddable":true,"href":"https:\/\/myroute.cz\/index.php\/wp-json\/wp\/v2\/comments?post=330"}],"version-history":[{"count":10,"href":"https:\/\/myroute.cz\/index.php\/wp-json\/wp\/v2\/pages\/330\/revisions"}],"predecessor-version":[{"id":378,"href":"https:\/\/myroute.cz\/index.php\/wp-json\/wp\/v2\/pages\/330\/revisions\/378"}],"wp:attachment":[{"href":"https:\/\/myroute.cz\/index.php\/wp-json\/wp\/v2\/media?parent=330"}],"curies":[{"name":"wp","href":"https:\/\/api.w.org\/{rel}","templated":true}]}}