{"id":163,"date":"2020-03-31T12:13:38","date_gmt":"2020-03-31T10:13:38","guid":{"rendered":"http:\/\/myroute.cz\/?page_id=163"},"modified":"2020-03-31T12:18:19","modified_gmt":"2020-03-31T10:18:19","slug":"bosna-hercegovina-2019","status":"publish","type":"page","link":"https:\/\/myroute.cz\/index.php\/bosna-hercegovina-2019\/","title":{"rendered":"Bosna  &#038; Hercegovina (2019)"},"content":{"rendered":"\n<p><a href=\"https:\/\/www.youtube.com\/watch?v=TI6CBXBx4kU&amp;t=154s\">Zkr\u00e1cena verze videa <\/a><\/p>\n\n\n\n<p><a href=\"https:\/\/www.youtube.com\/watch?v=JMU_G45jvFc&amp;t=546s\">Pln\u00e1 verze videa<\/a> sp\u00ed\u0161e pro m\u011b je tam dost klasick\u00fdch z\u00e1b\u011br\u016f z helmy<\/p>\n\n\n\n<iframe loading=\"lazy\" src=\"https:\/\/www.google.com\/maps\/d\/embed?mid=1KHHtoRBEM2nY7VMGNvJrVEOyoZLtYHIf\" width=\"640\" height=\"480\"><\/iframe>\n","protected":false},"excerpt":{"rendered":"<p>Zkr\u00e1cena verze videa Pln\u00e1 verze videa sp\u00ed\u0161e pro m\u011b je tam dost klasick\u00fdch z\u00e1b\u011br\u016f z helmy<\/p>\n","protected":false},"author":1,"featured_media":0,"parent":0,"menu_order":0,"comment_status":"closed","ping_status":"closed","template":"","meta":{"_uf_show_specific_survey":0,"_uf_disable_surveys":false,"footnotes":""},"class_list":["post-163","page","type-page","status-publish","hentry"],"_links":{"self":[{"href":"https:\/\/myroute.cz\/index.php\/wp-json\/wp\/v2\/pages\/163","targetHints":{"allow":["GET"]}}],"collection":[{"href":"https:\/\/myroute.cz\/index.php\/wp-json\/wp\/v2\/pages"}],"about":[{"href":"https:\/\/myroute.cz\/index.php\/wp-json\/wp\/v2\/types\/page"}],"author":[{"embeddable":true,"href":"https:\/\/myroute.cz\/index.php\/wp-json\/wp\/v2\/users\/1"}],"replies":[{"embeddable":true,"href":"https:\/\/myroute.cz\/index.php\/wp-json\/wp\/v2\/comments?post=163"}],"version-history":[{"count":3,"href":"https:\/\/myroute.cz\/index.php\/wp-json\/wp\/v2\/pages\/163\/revisions"}],"predecessor-version":[{"id":169,"href":"https:\/\/myroute.cz\/index.php\/wp-json\/wp\/v2\/pages\/163\/revisions\/169"}],"wp:attachment":[{"href":"https:\/\/myroute.cz\/index.php\/wp-json\/wp\/v2\/media?parent=163"}],"curies":[{"name":"wp","href":"https:\/\/api.w.org\/{rel}","templated":true}]}}