{"id":161,"date":"2020-03-31T12:13:19","date_gmt":"2020-03-31T10:13:19","guid":{"rendered":"http:\/\/myroute.cz\/?page_id=161"},"modified":"2020-03-31T12:20:25","modified_gmt":"2020-03-31T10:20:25","slug":"albanie-2018","status":"publish","type":"page","link":"https:\/\/myroute.cz\/index.php\/albanie-2018\/","title":{"rendered":"Alb\u00e1nie (2018)"},"content":{"rendered":"\n<p><a href=\"https:\/\/www.youtube.com\/watch?v=TKedvAafPeU&amp;t=6s\">Zkr\u00e1cen\u00e1 verze videa<\/a><\/p>\n\n\n\n<p><a href=\"https:\/\/www.youtube.com\/watch?v=cJeN5s9Rw38&amp;t=1220s\">Pln\u00e1 verze videa<\/a><\/p>\n\n\n\n<iframe loading=\"lazy\" src=\"https:\/\/www.google.com\/maps\/d\/embed?mid=1rBo_ofUOkW7RPLghmUbfihqphwzy7bKb\" width=\"640\" height=\"480\"><\/iframe>\n\n\n\n<p><\/p>\n","protected":false},"excerpt":{"rendered":"<p>Zkr\u00e1cen\u00e1 verze videa Pln\u00e1 verze videa<\/p>\n","protected":false},"author":1,"featured_media":0,"parent":0,"menu_order":0,"comment_status":"closed","ping_status":"closed","template":"","meta":{"_uf_show_specific_survey":0,"_uf_disable_surveys":false,"footnotes":""},"class_list":["post-161","page","type-page","status-publish","hentry"],"_links":{"self":[{"href":"https:\/\/myroute.cz\/index.php\/wp-json\/wp\/v2\/pages\/161","targetHints":{"allow":["GET"]}}],"collection":[{"href":"https:\/\/myroute.cz\/index.php\/wp-json\/wp\/v2\/pages"}],"about":[{"href":"https:\/\/myroute.cz\/index.php\/wp-json\/wp\/v2\/types\/page"}],"author":[{"embeddable":true,"href":"https:\/\/myroute.cz\/index.php\/wp-json\/wp\/v2\/users\/1"}],"replies":[{"embeddable":true,"href":"https:\/\/myroute.cz\/index.php\/wp-json\/wp\/v2\/comments?post=161"}],"version-history":[{"count":3,"href":"https:\/\/myroute.cz\/index.php\/wp-json\/wp\/v2\/pages\/161\/revisions"}],"predecessor-version":[{"id":170,"href":"https:\/\/myroute.cz\/index.php\/wp-json\/wp\/v2\/pages\/161\/revisions\/170"}],"wp:attachment":[{"href":"https:\/\/myroute.cz\/index.php\/wp-json\/wp\/v2\/media?parent=161"}],"curies":[{"name":"wp","href":"https:\/\/api.w.org\/{rel}","templated":true}]}}