{"id":134,"date":"2020-03-23T16:02:32","date_gmt":"2020-03-23T15:02:32","guid":{"rendered":"http:\/\/myroute.cz\/?page_id=134"},"modified":"2024-07-30T12:57:59","modified_gmt":"2024-07-30T10:57:59","slug":"seznam-veci-na-cestu","status":"publish","type":"page","link":"https:\/\/myroute.cz\/index.php\/seznam-veci-na-cestu\/","title":{"rendered":"Seznam v\u011bc\u00ed na cestu"},"content":{"rendered":"\n<p>\nSeznam,\nkter\u00fd neust\u00e1le optimalizuji a pro\u0161krt\u00e1v\u00e1m tak, abych toho t\u00e1hl\nco nejm\u00e9n\u011b a p\u0159itom mi nic moc nesch\u00e1zelo. Domn\u00edv\u00e1m se, \u017ee by\nto mohlo b\u00fdt pro n\u011bkoho inspiruj\u00edc\u00ed.<\/p>\n\n\n\n<p><em>(Aktualizov\u00e1no 30.7.2024)<\/em><\/p>\n\n\n\n<p>\n<strong>Pap\u00edrov\u00fd\nz\u00e1klad<\/strong><\/p>\n\n\n\n<ul class=\"wp-block-list\">\n<li>\n\tOb\u010dansk\u00fd\n\tpr\u016fkaz, pas, \u0159idi\u010dsk\u00fd pr\u016fkaz, mal\u00fd TP, zelenou kartu,\n\tpoji\u0161t\u011bn\u00ed, platebn\u00ed kartu, hotovost. Ud\u011blat si kopie doklad\u016f.\n<\/li>\n<\/ul>\n\n\n\n<p>\n<strong>Motorka\n\u2013 \u00fadr\u017eba, opravy a ostatn\u00ed<\/strong><\/p>\n\n\n\n<ul class=\"wp-block-list\">\n<li> Olej na \u0159et\u011bz, trycht\u00fd\u0159 na benz\u00edn pro kanistry, KTM n\u00e1\u0159ad\u00ed, sada na opravu defektu (N\u00e1\u0159ad\u00ed, knoty s lepidlem a kompresor), p\u00e1ska M3, sdrhova\u010dky, elektrik\u00e1\u0159sk\u00e1 p\u00e1ska, pojistky, n\u011bco pod stoj\u00e1nek, plachtu na motorku, gumcuky s&nbsp;pavoukem, kurty, pracovn\u00ed rukavice. <\/li>\n\n\n\n<li> <strong>Omrknout p\u0159ed j\u00edzdou:<\/strong>&nbsp;Olej, brzdov\u00e9 oblo\u017een\u00ed, brzdov\u00e1 kapalina v\u010d. spojkov\u00e9, chlad\u00edc\u00ed kapalina, vzorek na pneu, tlak v&nbsp;pneu, namazat \u0159et\u011bz. <\/li>\n<\/ul>\n\n\n\n<p>\n<strong>Oble\u010den\u00ed\nna motorku<\/strong><\/p>\n\n\n\n<ul class=\"wp-block-list\">\n<li>\u2022 Termo pr\u00e1dlo vr\u0161ek\/spodek, kukla, n\u00e1kr\u010dn\u00edk, \u010dern\u00fd fl\u00eds Quechua, helmu, p\u00e1te\u0159\u00e1k, bunda, d\u017e\u00edny, rukavice (letn\u00ed\/zimn\u00ed) a komplet nepromoky (t\u011blo, rukavice, boty), camelbak. <\/li>\n<\/ul>\n\n\n\n<p>\n<strong>Ostatn\u00ed\noble\u010den\u00ed<\/strong><\/p>\n\n\n\n<ul class=\"wp-block-list\">\n<li>\u2022 2x triko (max), Quechua kalhoty dlouh\u00e9\/kratk\u00e9, plavky, kroksy, spodn\u00ed pr\u00e1dlo 2x, pono\u017eky 2x + 1x tepl\u00e9 na span\u00ed.<\/li>\n<\/ul>\n\n\n\n<p>\n<strong>Span\u00ed<\/strong><\/p>\n\n\n\n<ul class=\"wp-block-list\">\n<li>\u2022 Stan, spac\u00e1k + oble\u010den\u00ed do spac\u00e1ku, nafukova\u010dka + minikompresor, pol\u0161t\u00e1\u0159, opravn\u00e9 sady (stan, nafukova\u010dka)<\/li>\n<\/ul>\n\n\n\n<p>\n<strong>Hygiena,\ndrog\u00e9rie<\/strong><\/p>\n\n\n\n<ul class=\"wp-block-list\">\n<li>\u2022 Ru\u010dn\u00edk, m\u00fddlo\/\u0161amp\u00f3n\/jar, kart\u00e1\u010dek s pastou, toaletn\u00ed pap\u00edr, kapesn\u00edky, opalovac\u00ed kr\u00e9m, vlh\u010den\u00e9 ubrousky.<\/li>\n<\/ul>\n\n\n\n<p>\n<strong>Va\u0159en\u00ed<\/strong><\/p>\n\n\n\n<ul class=\"wp-block-list\">\n<li>\u2022 Va\u0159i\u010d + plyn + rojno\u017eka, zapalova\u010d, e\u0161us\/p\u00e1nev, p\u0159\u00edbor, n\u016f\u017e, d\u0159ev\u011bn\u00e1 \u0161pachtli\u010dka, hrne\u010dek, houbi\u010dku, Nalgenku 1l.<\/li>\n<\/ul>\n\n\n\n<p>\n<strong>L\u00e9k\u00e1rni\u010dka<\/strong><\/p>\n\n\n\n<ul class=\"wp-block-list\">\n<li>\u2022 Bolest (Ibalgin), Alergie (analergin), Bolest v krku (TantumVerde pastylky), Pr\u016fjem (Endiaron), Teplota (Paralen), jelen\u00ed l\u016fj, n\u00e1plasti\/pol\u0161t\u00e1\u0159ky, obvazy, desinfekce<\/li>\n<\/ul>\n\n\n\n<p>\n<strong>Elektronika<\/strong><\/p>\n\n\n\n<ul class=\"wp-block-list\">\n<li>Mobil (Offline mapy.cz), Interkom + nab\u00edjec\u00ed kabel JACK, GoPro (3x baterie + nab\u00edje\u010dka, stativ + redukce, d\u00e1lkov\u00e9 ovl\u00e1d\u00e1n\u00ed + nab\u00edje\u010dka, USB \u010dte\u010dka karet + SD redukce, sady na uchycen\u00ed) navigaci, powerbanka, RPi + my\u0161, Ext HDD.  Kabely (2x USB-C , 2x MicroUSB, 1x USB nab\u00edje\u010dka 12V na 5V), nab\u00edje\u010dka 220V na 5V, digit\u00e1ln\u00ed teplom\u011br, \u010delovka<\/li>\n<\/ul>\n\n\n\n<p>\n<strong>J\u00eddlo\nna start<\/strong><\/p>\n\n\n\n<ul class=\"wp-block-list\">\n<li>\u2022 \u010daje + cukr, \u0161umiv\u00e9 tablety (C+mg), adventure menu \/ konzerva, ovesn\u00e9 ka\u0161e + rozinky\/\u0161vestky, ty\u010dinky, trochu pe\u010diva.<\/li>\n<\/ul>\n\n\n\n<p><strong>Ostatn\u00ed dle cesty<\/strong><\/p>\n\n\n\n<ul class=\"wp-block-list\">\n<li>\u2022 Pap\u00edrov\u00e1 mapa, blok + tu\u017eka, samolepky, \u017eidle, pep\u0159\u00e1k, komplet n\u00e1hradn\u00ed kl\u00ed\u010de (motorka, kufry, z\u00e1mek na kotou\u010d), z\u00e1mek na helmu, z\u00e1mek na kotou\u010d, hamaku, \u017e\u010f\u00e1r\u00e1k, \u0161punty do u\u0161\u00ed.<\/li>\n<\/ul>\n\n\n\n<p><\/p>\n","protected":false},"excerpt":{"rendered":"<p>Seznam, kter\u00fd neust\u00e1le optimalizuji a pro\u0161krt\u00e1v\u00e1m tak, abych toho t\u00e1hl co nejm\u00e9n\u011b a p\u0159itom mi nic moc nesch\u00e1zelo. Domn\u00edv\u00e1m se, \u017ee by to mohlo b\u00fdt pro n\u011bkoho inspiruj\u00edc\u00ed. (Aktualizov\u00e1no 30.7.2024) Pap\u00edrov\u00fd z\u00e1klad Motorka \u2013 \u00fadr\u017eba, opravy a ostatn\u00ed Oble\u010den\u00ed na<\/p>\n","protected":false},"author":1,"featured_media":0,"parent":0,"menu_order":0,"comment_status":"closed","ping_status":"closed","template":"","meta":{"_uf_show_specific_survey":0,"_uf_disable_surveys":false,"footnotes":""},"class_list":["post-134","page","type-page","status-publish","hentry"],"_links":{"self":[{"href":"https:\/\/myroute.cz\/index.php\/wp-json\/wp\/v2\/pages\/134","targetHints":{"allow":["GET"]}}],"collection":[{"href":"https:\/\/myroute.cz\/index.php\/wp-json\/wp\/v2\/pages"}],"about":[{"href":"https:\/\/myroute.cz\/index.php\/wp-json\/wp\/v2\/types\/page"}],"author":[{"embeddable":true,"href":"https:\/\/myroute.cz\/index.php\/wp-json\/wp\/v2\/users\/1"}],"replies":[{"embeddable":true,"href":"https:\/\/myroute.cz\/index.php\/wp-json\/wp\/v2\/comments?post=134"}],"version-history":[{"count":25,"href":"https:\/\/myroute.cz\/index.php\/wp-json\/wp\/v2\/pages\/134\/revisions"}],"predecessor-version":[{"id":540,"href":"https:\/\/myroute.cz\/index.php\/wp-json\/wp\/v2\/pages\/134\/revisions\/540"}],"wp:attachment":[{"href":"https:\/\/myroute.cz\/index.php\/wp-json\/wp\/v2\/media?parent=134"}],"curies":[{"name":"wp","href":"https:\/\/api.w.org\/{rel}","templated":true}]}}