{"id":13,"date":"2020-03-16T12:52:49","date_gmt":"2020-03-16T11:52:49","guid":{"rendered":"http:\/\/myroute.cz\/?page_id=13"},"modified":"2021-07-21T11:54:04","modified_gmt":"2021-07-21T09:54:04","slug":"uvod","status":"publish","type":"page","link":"https:\/\/myroute.cz\/","title":{"rendered":"\u00davodn\u00ed str\u00e1nka"},"content":{"rendered":"\n<div class=\"wp-block-media-text alignwide is-stacked-on-mobile\" style=\"grid-template-columns:38% auto\"><figure class=\"wp-block-media-text__media\"><img loading=\"lazy\" decoding=\"async\" width=\"576\" height=\"1024\" src=\"https:\/\/myroute.cz\/wp-content\/uploads\/2020\/03\/IMG_20180701_173723-576x1024.jpg\" alt=\"\" class=\"wp-image-117 size-full\" srcset=\"https:\/\/myroute.cz\/wp-content\/uploads\/2020\/03\/IMG_20180701_173723-576x1024.jpg 576w, https:\/\/myroute.cz\/wp-content\/uploads\/2020\/03\/IMG_20180701_173723-169x300.jpg 169w, https:\/\/myroute.cz\/wp-content\/uploads\/2020\/03\/IMG_20180701_173723-768x1365.jpg 768w, https:\/\/myroute.cz\/wp-content\/uploads\/2020\/03\/IMG_20180701_173723-864x1536.jpg 864w, https:\/\/myroute.cz\/wp-content\/uploads\/2020\/03\/IMG_20180701_173723-1152x2048.jpg 1152w, https:\/\/myroute.cz\/wp-content\/uploads\/2020\/03\/IMG_20180701_173723-scaled.jpg 1440w\" sizes=\"auto, (max-width: 576px) 100vw, 576px\" \/><\/figure><div class=\"wp-block-media-text__content\">\n<p class=\"has-black-color has-text-color\">Tyto str\u00e1nky vznikly za \u00fa\u010delem snadn\u00e9 prezentace m\u00e9ho kon\u00ed\u010dku, kter\u00fdm je cestov\u00e1n\u00ed v jedn\u00e9 stop\u011b.<\/p>\n\n\n\n<p>Na webu jsou informace o aktu\u00e1ln\u00edm stroji a jeho dopl\u0148c\u00edch. D\u00e1le pak v\u011bc\u00ed, kter\u00e9 sebou voz\u00edm a v neposledn\u00ed \u0159ad\u011b tak\u00e9 m\u00edsta, kter\u00e1 jsem s motorkou nav\u0161t\u00edvil. . Nen\u00ed to sice nic sv\u011btoborn\u00e9ho, nicm\u00e9n\u011b by to mohlo za\u010d\u00ednaj\u00edc\u00ed dobrodruhy inspirovat.<\/p>\n\n\n\n<p>\u0160\u0165astnou cestu a kolama dolu.<\/p>\n<\/div><\/div>\n\n\n\n<p><\/p>\n","protected":false},"excerpt":{"rendered":"<p>Tyto str\u00e1nky vznikly za \u00fa\u010delem snadn\u00e9 prezentace m\u00e9ho kon\u00ed\u010dku, kter\u00fdm je cestov\u00e1n\u00ed v jedn\u00e9 stop\u011b. Na webu jsou informace o aktu\u00e1ln\u00edm stroji a jeho dopl\u0148c\u00edch. D\u00e1le pak v\u011bc\u00ed, kter\u00e9 sebou voz\u00edm a v neposledn\u00ed \u0159ad\u011b tak\u00e9 m\u00edsta, kter\u00e1 jsem s<\/p>\n","protected":false},"author":1,"featured_media":0,"parent":0,"menu_order":0,"comment_status":"closed","ping_status":"closed","template":"","meta":{"_uf_show_specific_survey":0,"_uf_disable_surveys":false,"footnotes":""},"class_list":["post-13","page","type-page","status-publish","hentry"],"_links":{"self":[{"href":"https:\/\/myroute.cz\/index.php\/wp-json\/wp\/v2\/pages\/13","targetHints":{"allow":["GET"]}}],"collection":[{"href":"https:\/\/myroute.cz\/index.php\/wp-json\/wp\/v2\/pages"}],"about":[{"href":"https:\/\/myroute.cz\/index.php\/wp-json\/wp\/v2\/types\/page"}],"author":[{"embeddable":true,"href":"https:\/\/myroute.cz\/index.php\/wp-json\/wp\/v2\/users\/1"}],"replies":[{"embeddable":true,"href":"https:\/\/myroute.cz\/index.php\/wp-json\/wp\/v2\/comments?post=13"}],"version-history":[{"count":20,"href":"https:\/\/myroute.cz\/index.php\/wp-json\/wp\/v2\/pages\/13\/revisions"}],"predecessor-version":[{"id":364,"href":"https:\/\/myroute.cz\/index.php\/wp-json\/wp\/v2\/pages\/13\/revisions\/364"}],"wp:attachment":[{"href":"https:\/\/myroute.cz\/index.php\/wp-json\/wp\/v2\/media?parent=13"}],"curies":[{"name":"wp","href":"https:\/\/api.w.org\/{rel}","templated":true}]}}