{"id":128,"date":"2020-03-23T15:37:17","date_gmt":"2020-03-23T14:37:17","guid":{"rendered":"http:\/\/myroute.cz\/?page_id=128"},"modified":"2020-03-23T16:19:44","modified_gmt":"2020-03-23T15:19:44","slug":"francie-2017","status":"publish","type":"page","link":"https:\/\/myroute.cz\/index.php\/francie-2017\/","title":{"rendered":"Francie (2017)"},"content":{"rendered":"\n<p>Posledn\u00ed motodovolen\u00e1 s Multistr\u00e1dou. Bylo to super.<\/p>\n\n\n\n<p><a href=\"https:\/\/photos.google.com\/share\/AF1QipN9GuS4wcY4N84ZyWcNA_G1yyZN9c6CONrFx-ZoxlxL4Y0HymMoyfOZNdhNwOf9dg?key=TXNrQld5d2oxNWIySTlTRWpoU3A2aUZKQkNaYVlR\">Fotogalerie<\/a><\/p>\n","protected":false},"excerpt":{"rendered":"<p>Posledn\u00ed motodovolen\u00e1 s Multistr\u00e1dou. Bylo to super. Fotogalerie<\/p>\n","protected":false},"author":1,"featured_media":0,"parent":0,"menu_order":0,"comment_status":"closed","ping_status":"closed","template":"","meta":{"_uf_show_specific_survey":0,"_uf_disable_surveys":false,"footnotes":""},"class_list":["post-128","page","type-page","status-publish","hentry"],"_links":{"self":[{"href":"https:\/\/myroute.cz\/index.php\/wp-json\/wp\/v2\/pages\/128","targetHints":{"allow":["GET"]}}],"collection":[{"href":"https:\/\/myroute.cz\/index.php\/wp-json\/wp\/v2\/pages"}],"about":[{"href":"https:\/\/myroute.cz\/index.php\/wp-json\/wp\/v2\/types\/page"}],"author":[{"embeddable":true,"href":"https:\/\/myroute.cz\/index.php\/wp-json\/wp\/v2\/users\/1"}],"replies":[{"embeddable":true,"href":"https:\/\/myroute.cz\/index.php\/wp-json\/wp\/v2\/comments?post=128"}],"version-history":[{"count":2,"href":"https:\/\/myroute.cz\/index.php\/wp-json\/wp\/v2\/pages\/128\/revisions"}],"predecessor-version":[{"id":141,"href":"https:\/\/myroute.cz\/index.php\/wp-json\/wp\/v2\/pages\/128\/revisions\/141"}],"wp:attachment":[{"href":"https:\/\/myroute.cz\/index.php\/wp-json\/wp\/v2\/media?parent=128"}],"curies":[{"name":"wp","href":"https:\/\/api.w.org\/{rel}","templated":true}]}}