{"id":123,"date":"2020-03-23T15:22:40","date_gmt":"2020-03-23T14:22:40","guid":{"rendered":"http:\/\/myroute.cz\/?page_id=123"},"modified":"2025-01-06T13:24:24","modified_gmt":"2025-01-06T12:24:24","slug":"doplnky","status":"publish","type":"page","link":"https:\/\/myroute.cz\/index.php\/doplnky\/","title":{"rendered":"Dopl\u0148ky a \u00fapravy"},"content":{"rendered":"\n<hr class=\"wp-block-separator has-css-opacity\"\/>\n\n\n\n<p><strong>Izolace v\u00fdfukov\u00e9ho svodu<\/strong><\/p>\n\n\n\n<p>Prvn\u00ed \u00fapravou, co jsem na 1290R ud\u011blal byla izolace v\u00fdfukov\u00e9ho svodu v oblasti tlumi\u010de. Jedn\u00e1 se o klasickou izolaci svod\u016f pro osobn\u00ed automobily. V prvn\u00ed \u0159ad\u011b tato \u00faprava zved\u00e1 v letn\u00edch dnech tepeln\u00fd komfort od pasu dolu. Nen\u00ed to sice nic dramatick\u00e9ho ale zn\u00e1t to je. D\u00e1l pak sn\u00ed\u017een\u00ed okoln\u00ed teploty ocen\u00ed i zadn\u00ed tlumi\u010d, t\u0159eba mu to prodlou\u017e\u00ed o n\u011bjak\u00fd p\u00e1tek \u017eivotnost ale to u\u017e pouze spekuluji. <\/p>\n\n\n\n<figure class=\"wp-block-image size-large is-style-default\"><img loading=\"lazy\" decoding=\"async\" width=\"768\" height=\"1024\" src=\"https:\/\/myroute.cz\/wp-content\/uploads\/2025\/01\/PXL_20240802_193616335-768x1024.jpg\" alt=\"\" class=\"wp-image-576\" srcset=\"https:\/\/myroute.cz\/wp-content\/uploads\/2025\/01\/PXL_20240802_193616335-768x1024.jpg 768w, https:\/\/myroute.cz\/wp-content\/uploads\/2025\/01\/PXL_20240802_193616335-225x300.jpg 225w, https:\/\/myroute.cz\/wp-content\/uploads\/2025\/01\/PXL_20240802_193616335-1152x1536.jpg 1152w, https:\/\/myroute.cz\/wp-content\/uploads\/2025\/01\/PXL_20240802_193616335-1536x2048.jpg 1536w, https:\/\/myroute.cz\/wp-content\/uploads\/2025\/01\/PXL_20240802_193616335-scaled.jpg 1920w\" sizes=\"auto, (max-width: 768px) 100vw, 768px\" \/><\/figure>\n\n\n\n<hr class=\"wp-block-separator has-css-opacity\"\/>\n\n\n\n<p><strong>Zv\u00fd\u0161en\u00ed \u0159\u00edd\u00edtek o 2,5cm<\/strong><\/p>\n\n\n\n<p>Z d\u016fvodu toho, \u017ee m\u00e1m 190cm bylo pot\u0159eba posadit \u0159\u00edd\u00edtka o trochu v\u00fd\u0161. Tyto n\u00e1stavce jsem po\u0159\u00eddil od Touratechu za nek\u0159es\u0165ansk\u00fd pen\u00edz, co\u017e je ale u TT standardem nap\u0159\u00ed\u010d cel\u00fdm sortimentem. Tuto \u00fapravu jsem m\u011bl namontovanou na star\u0161\u00ed 1090R, kde se mi to osv\u011bd\u010dilo. Proto jsem si n\u00e1stavce ponechal i pro 1290R.<\/p>\n\n\n\n<figure class=\"wp-block-image size-large\"><img loading=\"lazy\" decoding=\"async\" width=\"1024\" height=\"768\" src=\"https:\/\/myroute.cz\/wp-content\/uploads\/2021\/07\/IMG_20210701_215430-1024x768.jpg\" alt=\"\" class=\"wp-image-301\" srcset=\"https:\/\/myroute.cz\/wp-content\/uploads\/2021\/07\/IMG_20210701_215430-1024x768.jpg 1024w, https:\/\/myroute.cz\/wp-content\/uploads\/2021\/07\/IMG_20210701_215430-300x225.jpg 300w, https:\/\/myroute.cz\/wp-content\/uploads\/2021\/07\/IMG_20210701_215430-768x576.jpg 768w, https:\/\/myroute.cz\/wp-content\/uploads\/2021\/07\/IMG_20210701_215430-1536x1152.jpg 1536w, https:\/\/myroute.cz\/wp-content\/uploads\/2021\/07\/IMG_20210701_215430-2048x1536.jpg 2048w, https:\/\/myroute.cz\/wp-content\/uploads\/2021\/07\/IMG_20210701_215430-850x638.jpg 850w\" sizes=\"auto, (max-width: 1024px) 100vw, 1024px\" \/><\/figure>\n\n\n\n<hr class=\"wp-block-separator has-alpha-channel-opacity\"\/>\n\n\n\n<p><strong>Navigace Garmin ZUMO XT2<\/strong> <\/p>\n\n\n\n<p>Zat\u00edm se za\u0159\u00edzen\u00edm sb\u00edr\u00e1m zku\u0161enosti&#8230;<\/p>\n\n\n\n<figure class=\"wp-block-image size-large\"><img loading=\"lazy\" decoding=\"async\" width=\"1024\" height=\"768\" src=\"https:\/\/myroute.cz\/wp-content\/uploads\/2025\/01\/PXL_20240809_154239643-1024x768.jpg\" alt=\"\" class=\"wp-image-578\" srcset=\"https:\/\/myroute.cz\/wp-content\/uploads\/2025\/01\/PXL_20240809_154239643-1024x768.jpg 1024w, https:\/\/myroute.cz\/wp-content\/uploads\/2025\/01\/PXL_20240809_154239643-300x225.jpg 300w, https:\/\/myroute.cz\/wp-content\/uploads\/2025\/01\/PXL_20240809_154239643-768x576.jpg 768w, https:\/\/myroute.cz\/wp-content\/uploads\/2025\/01\/PXL_20240809_154239643-1536x1152.jpg 1536w, https:\/\/myroute.cz\/wp-content\/uploads\/2025\/01\/PXL_20240809_154239643-2048x1536.jpg 2048w\" sizes=\"auto, (max-width: 1024px) 100vw, 1024px\" \/><\/figure>\n\n\n\n<p><a href=\"https:\/\/www.moto-drzak-mobilu.cz\/montaz-dle-motocyklu\/montazni-sada-ktm-1290-adventure-20\/\" target=\"_blank\" rel=\"noopener\" title=\"Dr\u017e\u00e1k navigace\">Dr\u017e\u00e1k navigace<\/a> <\/p>\n\n\n\n<p>Velmi dob\u0159e zpracovan\u00fd a odoln\u00fd dr\u017e\u00e1k pro XT2 na 1290SAR 2020. <\/p>\n\n\n\n<figure class=\"wp-block-image size-full\"><img loading=\"lazy\" decoding=\"async\" width=\"909\" height=\"758\" src=\"https:\/\/myroute.cz\/wp-content\/uploads\/2025\/01\/Snimek-obrazovky-2025-01-06-131649.png\" alt=\"\" class=\"wp-image-581\" srcset=\"https:\/\/myroute.cz\/wp-content\/uploads\/2025\/01\/Snimek-obrazovky-2025-01-06-131649.png 909w, https:\/\/myroute.cz\/wp-content\/uploads\/2025\/01\/Snimek-obrazovky-2025-01-06-131649-300x250.png 300w, https:\/\/myroute.cz\/wp-content\/uploads\/2025\/01\/Snimek-obrazovky-2025-01-06-131649-768x640.png 768w\" sizes=\"auto, (max-width: 909px) 100vw, 909px\" \/><\/figure>\n\n\n\n<p><a href=\"https:\/\/www.wunderlichamerica.com\/bmw-motorcycle-lock-system-garmin-zumo-xt.html?srsltid=AfmBOorOvmq8JBuZUodfVMc579e5KrpZxOu9E3GQ0KxS6-LWmVK3ESwS\" target=\"_blank\" rel=\"noopener\" title=\"\">Z\u00e1mek navigace<\/a> <\/p>\n\n\n\n<p>Zabezpe\u010den\u00ed od Wunderlichu je za ty prachy velmi nevyhovuj\u00edc\u00ed. Jeho hodnota je maxim\u00e1ln\u011b 500,- a to jako \u017ee fakt v\u00edc bych za to nedal, kdybych v\u011bd\u011bl, jak kvalitn\u00ed v\u00fdrobek to je. V\u00edce o tomto produktu na m\u00e9m <a href=\"https:\/\/www.youtube.com\/watch?v=pblvALQesfQ\">YouTube kan\u00e1lu<\/a>.<\/p>\n\n\n\n<hr class=\"wp-block-separator has-css-opacity\"\/>\n\n\n\n<figure class=\"wp-block-image size-full\"><img loading=\"lazy\" decoding=\"async\" width=\"947\" height=\"758\" src=\"https:\/\/myroute.cz\/wp-content\/uploads\/2025\/01\/Snimek-obrazovky-2025-01-06-131840.png\" alt=\"\" class=\"wp-image-583\" srcset=\"https:\/\/myroute.cz\/wp-content\/uploads\/2025\/01\/Snimek-obrazovky-2025-01-06-131840.png 947w, https:\/\/myroute.cz\/wp-content\/uploads\/2025\/01\/Snimek-obrazovky-2025-01-06-131840-300x240.png 300w, https:\/\/myroute.cz\/wp-content\/uploads\/2025\/01\/Snimek-obrazovky-2025-01-06-131840-768x615.png 768w\" sizes=\"auto, (max-width: 947px) 100vw, 947px\" \/><\/figure>\n\n\n\n<hr class=\"wp-block-separator has-alpha-channel-opacity\"\/>\n\n\n\n<p><strong>Plexi \u0161t\u00edt PUIG<\/strong><\/p>\n\n\n\n<p><a href=\"https:\/\/puig.tv\/en\/tuning-motos\/windscreens-for-fairing-bikes\/touring-screen?bike=26315\" target=\"_blank\" rel=\"noopener\" title=\"Plexi \u0161t\u00edt \">Plexi \u0161t\u00edt <\/a><\/p>\n\n\n\n<hr class=\"wp-block-separator has-css-opacity\"\/>\n\n\n\n<p><strong>Padac\u00ed r\u00e1my OutbackMotortek<\/strong><\/p>\n\n\n\n<p>Vyzkou\u0161en\u00e1 n\u00e1stavba padac\u00edch r\u00e1m\u016f od OM mi na 1290R nesed\u00ed u\u017e tak p\u011bkn\u011b jako na 1090R. Myslel jsem, \u017ee je to stejn\u00e9 ale 1290 m\u00e1 o n\u011bco \u0161ir\u0161\u00ed oplastov\u00e1n\u00ed okolo n\u00e1dr\u017ee a n\u00ed\u017ee polo\u017een\u00e9 p\u0159edn\u00ed sv\u011btlo. Poda\u0159ilo se mi to tam napasovat ale u\u017e se muselo upravovat p\u016fvodn\u00ed uchycen\u00ed. To spo\u010d\u00edvalo v p\u0159id\u00e1n\u00ed dvou dir v uchycen\u00ed p\u0159ed chladi\u010dem, t\u00edm jsem se dostal spojem pad\u00e1k\u016f pod sv\u011btlo. Nicm\u00e9n\u011b to, \u017ee se boky lehce dot\u00fdkaj\u00ed plast\u016f se mi nepoda\u0159ilo doladit. Po\u010d\u00edt\u00e1m, \u017ee budu muset po\u0159\u00eddit nov\u00e9. Domn\u00edv\u00e1m se, \u017ee jsou deformov\u00e1ny z n\u011bkolika p\u00e1d\u016f s 1090R a nov\u00e9 sednou op\u011bt perfektn\u011b. Odolnost t\u011bchto pad\u00e1k\u016f je naprosto fantastick\u00e1. Vyzkou\u0161eno a skute\u010dn\u011b m\u016f\u017eu jen a jen doporu\u010dit.<\/p>\n\n\n\n<figure class=\"wp-block-image size-large\"><img loading=\"lazy\" decoding=\"async\" width=\"1024\" height=\"768\" src=\"https:\/\/myroute.cz\/wp-content\/uploads\/2021\/08\/IMG_20210804_210545-1024x768.jpg\" alt=\"\" class=\"wp-image-380\" srcset=\"https:\/\/myroute.cz\/wp-content\/uploads\/2021\/08\/IMG_20210804_210545-1024x768.jpg 1024w, https:\/\/myroute.cz\/wp-content\/uploads\/2021\/08\/IMG_20210804_210545-300x225.jpg 300w, https:\/\/myroute.cz\/wp-content\/uploads\/2021\/08\/IMG_20210804_210545-768x576.jpg 768w, https:\/\/myroute.cz\/wp-content\/uploads\/2021\/08\/IMG_20210804_210545-1536x1152.jpg 1536w, https:\/\/myroute.cz\/wp-content\/uploads\/2021\/08\/IMG_20210804_210545-2048x1536.jpg 2048w, https:\/\/myroute.cz\/wp-content\/uploads\/2021\/08\/IMG_20210804_210545-850x638.jpg 850w\" sizes=\"auto, (max-width: 1024px) 100vw, 1024px\" \/><\/figure>\n\n\n\n<hr class=\"wp-block-separator has-css-opacity\"\/>\n\n\n\n<p><strong>Kryt motoru KTM (origin\u00e1ln\u00ed)<\/strong><\/p>\n\n\n\n<p>Dopln\u011bk, kter\u00fd je nezbytn\u00fd p\u0159i j\u00edzd\u011b mimo asfalt. Je neuv\u011b\u0159iteln\u00e9, jakou rychlost\u00ed m\u016f\u017ee odlet\u011bt kamen od p\u0159edn\u00edho kola. Dozajista by poslou\u017eil i ten plastov\u00fd origin\u00e1l ale tohle vypad\u00e1 daleko l\u00e9pe.<\/p>\n\n\n\n<figure class=\"wp-block-image size-large\"><img loading=\"lazy\" decoding=\"async\" width=\"1024\" height=\"768\" src=\"https:\/\/myroute.cz\/wp-content\/uploads\/2021\/08\/Susplech-1024x768.jpg\" alt=\"\" class=\"wp-image-432\" srcset=\"https:\/\/myroute.cz\/wp-content\/uploads\/2021\/08\/Susplech-1024x768.jpg 1024w, https:\/\/myroute.cz\/wp-content\/uploads\/2021\/08\/Susplech-300x225.jpg 300w, https:\/\/myroute.cz\/wp-content\/uploads\/2021\/08\/Susplech-768x576.jpg 768w, https:\/\/myroute.cz\/wp-content\/uploads\/2021\/08\/Susplech-1536x1152.jpg 1536w, https:\/\/myroute.cz\/wp-content\/uploads\/2021\/08\/Susplech-2048x1536.jpg 2048w, https:\/\/myroute.cz\/wp-content\/uploads\/2021\/08\/Susplech-850x638.jpg 850w\" sizes=\"auto, (max-width: 1024px) 100vw, 1024px\" \/><\/figure>\n\n\n\n<hr class=\"wp-block-separator has-css-opacity\"\/>\n\n\n\n<p><strong>Stupa\u010dky SW-Motech ION Footrest<\/strong><\/p>\n\n\n\n<p><a href=\"https:\/\/sw-motech.com\/en\/products\/ergonomics\/footrests\/4052572039199.htm\" data-type=\"URL\" data-id=\"https:\/\/sw-motech.com\/en\/products\/ergonomics\/footrests\/4052572039199.htm\" target=\"_blank\" rel=\"noreferrer noopener\">Stupa\u010dky<\/a> s mo\u017enost\u00ed \u00fapravy v\u00fd\u0161ky a to o 15mm n\u00ed\u017e ne\u017e jsou origin\u00e1ly. P\u0159i moj\u00ed v\u00fd\u0161ce je to v\u00fdrazn\u00e9 vylep\u0161en\u00ed jak v sedu tak ve stoje s kombinac\u00ed zvednut\u00fdch \u0159\u00edd\u00edtek. V podstat\u011b je to nezbytnost \ud83d\ude42 Jedin\u00e1 nev\u00fdhoda je p\u0159i p\u00e1du, kdy se konstrukce op\u00edr\u00e1 do p\u016fvodn\u00edho ulo\u017een\u00ed stupa\u010dky m\u016f\u017ee j\u00ed tak lehce po\u0161kodit (sp\u00ed\u0161e kosmeticky). Stalo se mi to p\u0159i jednom p\u00e1du na b\u00fdval\u00e9 1090. Jinak supr.<\/p>\n\n\n\n<hr class=\"wp-block-separator has-css-opacity\"\/>\n\n\n\n<p><strong>Filtry n\u00e1dech\u016f<\/strong><\/p>\n\n\n\n<p>Dal\u0161\u00ed filtr na \u010di\u0161t\u011bn\u00ed \ud83d\ude42 nev\u00edm, jak moc to bude fungovat ale za p\u00e1r dolar\u016f z Aliexpressu to nad\u011bl\u00e1 dost par\u00e1dy.<\/p>\n\n\n\n<figure class=\"wp-block-image size-large\"><img loading=\"lazy\" decoding=\"async\" width=\"1024\" height=\"768\" src=\"https:\/\/myroute.cz\/wp-content\/uploads\/2021\/08\/FiltrNadechu-1024x768.jpg\" alt=\"\" class=\"wp-image-404\" srcset=\"https:\/\/myroute.cz\/wp-content\/uploads\/2021\/08\/FiltrNadechu-1024x768.jpg 1024w, https:\/\/myroute.cz\/wp-content\/uploads\/2021\/08\/FiltrNadechu-300x225.jpg 300w, https:\/\/myroute.cz\/wp-content\/uploads\/2021\/08\/FiltrNadechu-768x576.jpg 768w, https:\/\/myroute.cz\/wp-content\/uploads\/2021\/08\/FiltrNadechu-1536x1152.jpg 1536w, https:\/\/myroute.cz\/wp-content\/uploads\/2021\/08\/FiltrNadechu-2048x1536.jpg 2048w, https:\/\/myroute.cz\/wp-content\/uploads\/2021\/08\/FiltrNadechu-850x638.jpg 850w\" sizes=\"auto, (max-width: 1024px) 100vw, 1024px\" \/><\/figure>\n\n\n\n<hr class=\"wp-block-separator has-css-opacity\"\/>\n\n\n\n<p><strong>R\u00e1my na kufry BIG HUSKY<\/strong><\/p>\n\n\n\n<p>Kvalitn\u00ed pevn\u00e9 dr\u017e\u00e1ky na kufry BIG HUSKY. Perfektn\u011b sedli jak na 1090R tak na 1290R.  Prov\u011b\u0159eny n\u011bkolika p\u00e1dy. Doporu\u010duji.<\/p>\n\n\n\n<figure class=\"wp-block-gallery has-nested-images columns-3 is-cropped wp-block-gallery-1 is-layout-flex wp-block-gallery-is-layout-flex\">\n<figure class=\"wp-block-image size-large\"><a href=\"https:\/\/myroute.cz\/wp-content\/uploads\/2021\/08\/DrzakKufru2-scaled.jpg\"><img loading=\"lazy\" decoding=\"async\" width=\"1024\" height=\"768\" data-id=\"392\" src=\"https:\/\/myroute.cz\/wp-content\/uploads\/2021\/08\/DrzakKufru2-1024x768.jpg\" alt=\"\" class=\"wp-image-392\" srcset=\"https:\/\/myroute.cz\/wp-content\/uploads\/2021\/08\/DrzakKufru2-1024x768.jpg 1024w, https:\/\/myroute.cz\/wp-content\/uploads\/2021\/08\/DrzakKufru2-300x225.jpg 300w, https:\/\/myroute.cz\/wp-content\/uploads\/2021\/08\/DrzakKufru2-768x576.jpg 768w, https:\/\/myroute.cz\/wp-content\/uploads\/2021\/08\/DrzakKufru2-1536x1152.jpg 1536w, https:\/\/myroute.cz\/wp-content\/uploads\/2021\/08\/DrzakKufru2-2048x1536.jpg 2048w, https:\/\/myroute.cz\/wp-content\/uploads\/2021\/08\/DrzakKufru2-850x638.jpg 850w\" sizes=\"auto, (max-width: 1024px) 100vw, 1024px\" \/><\/a><\/figure>\n\n\n\n<figure class=\"wp-block-image size-large\"><a href=\"https:\/\/myroute.cz\/wp-content\/uploads\/2021\/08\/DrzakKufru3-scaled.jpg\"><img loading=\"lazy\" decoding=\"async\" width=\"1024\" height=\"768\" data-id=\"391\" src=\"https:\/\/myroute.cz\/wp-content\/uploads\/2021\/08\/DrzakKufru3-1024x768.jpg\" alt=\"\" class=\"wp-image-391\" srcset=\"https:\/\/myroute.cz\/wp-content\/uploads\/2021\/08\/DrzakKufru3-1024x768.jpg 1024w, https:\/\/myroute.cz\/wp-content\/uploads\/2021\/08\/DrzakKufru3-300x225.jpg 300w, https:\/\/myroute.cz\/wp-content\/uploads\/2021\/08\/DrzakKufru3-768x576.jpg 768w, https:\/\/myroute.cz\/wp-content\/uploads\/2021\/08\/DrzakKufru3-1536x1152.jpg 1536w, https:\/\/myroute.cz\/wp-content\/uploads\/2021\/08\/DrzakKufru3-2048x1536.jpg 2048w, https:\/\/myroute.cz\/wp-content\/uploads\/2021\/08\/DrzakKufru3-850x638.jpg 850w\" sizes=\"auto, (max-width: 1024px) 100vw, 1024px\" \/><\/a><\/figure>\n\n\n\n<figure class=\"wp-block-image size-large\"><a href=\"https:\/\/myroute.cz\/wp-content\/uploads\/2021\/08\/DrzakKufru1-scaled.jpg\"><img loading=\"lazy\" decoding=\"async\" width=\"1024\" height=\"768\" data-id=\"389\" src=\"https:\/\/myroute.cz\/wp-content\/uploads\/2021\/08\/DrzakKufru1-1024x768.jpg\" alt=\"\" class=\"wp-image-389\" srcset=\"https:\/\/myroute.cz\/wp-content\/uploads\/2021\/08\/DrzakKufru1-1024x768.jpg 1024w, https:\/\/myroute.cz\/wp-content\/uploads\/2021\/08\/DrzakKufru1-300x225.jpg 300w, https:\/\/myroute.cz\/wp-content\/uploads\/2021\/08\/DrzakKufru1-768x576.jpg 768w, https:\/\/myroute.cz\/wp-content\/uploads\/2021\/08\/DrzakKufru1-1536x1152.jpg 1536w, https:\/\/myroute.cz\/wp-content\/uploads\/2021\/08\/DrzakKufru1-2048x1536.jpg 2048w, https:\/\/myroute.cz\/wp-content\/uploads\/2021\/08\/DrzakKufru1-850x638.jpg 850w\" sizes=\"auto, (max-width: 1024px) 100vw, 1024px\" \/><\/a><\/figure>\n<\/figure>\n\n\n\n<hr class=\"wp-block-separator has-css-opacity\"\/>\n\n\n\n<p><strong>Hlin\u00edkov\u00e9 kufry BIG HUSK<\/strong><\/p>\n\n\n\n<p>Vyzkou\u0161en\u00e9 kufry od Big Husky. Supr zpracov\u00e1n\u00ed, slu\u0161n\u00e1 mechanick\u00e1 odolnost (otestov\u00e1no n\u011bkolika p\u00e1dy). T\u011bsnost proti vod\u011b je samoz\u0159ejmost\u00ed. Jako dopln\u011bk kufr\u016fm jsem po\u0159\u00eddil 2x 2l kanist\u0159\u00edk. Rozm\u011br m\u00e1 ide\u00e1ln\u00ed a 2l benz\u00ednu jsou akor\u00e1t, jen tedy ty hrdla mohli b\u00fdt v\u011bt\u0161\u00ed. Nevejde se tam tankovac\u00ed pistole a mus\u00edm sebou vozit mali\u010dk\u00fd skl\u00e1dac\u00ed trycht\u00fd\u0159. <\/p>\n\n\n\n<div class=\"wp-block-columns is-layout-flex wp-container-core-columns-is-layout-9d6595d7 wp-block-columns-is-layout-flex\">\n<div class=\"wp-block-column is-layout-flow wp-block-column-is-layout-flow\" style=\"flex-basis:100%\">\n<figure class=\"wp-block-gallery has-nested-images columns-default is-cropped wp-block-gallery-2 is-layout-flex wp-block-gallery-is-layout-flex\">\n<figure class=\"wp-block-image size-large\"><a href=\"https:\/\/myroute.cz\/wp-content\/uploads\/2021\/08\/kufry2-scaled.jpg\"><img loading=\"lazy\" decoding=\"async\" width=\"1024\" height=\"768\" data-id=\"429\" src=\"https:\/\/myroute.cz\/wp-content\/uploads\/2021\/08\/kufry2-1024x768.jpg\" alt=\"\" class=\"wp-image-429\" srcset=\"https:\/\/myroute.cz\/wp-content\/uploads\/2021\/08\/kufry2-1024x768.jpg 1024w, https:\/\/myroute.cz\/wp-content\/uploads\/2021\/08\/kufry2-300x225.jpg 300w, https:\/\/myroute.cz\/wp-content\/uploads\/2021\/08\/kufry2-768x576.jpg 768w, https:\/\/myroute.cz\/wp-content\/uploads\/2021\/08\/kufry2-1536x1152.jpg 1536w, https:\/\/myroute.cz\/wp-content\/uploads\/2021\/08\/kufry2-2048x1536.jpg 2048w, https:\/\/myroute.cz\/wp-content\/uploads\/2021\/08\/kufry2-850x638.jpg 850w\" sizes=\"auto, (max-width: 1024px) 100vw, 1024px\" \/><\/a><\/figure>\n\n\n\n<figure class=\"wp-block-image size-large\"><a href=\"https:\/\/myroute.cz\/wp-content\/uploads\/2021\/08\/kufry1-scaled.jpg\"><img loading=\"lazy\" decoding=\"async\" width=\"1024\" height=\"768\" data-id=\"430\" src=\"https:\/\/myroute.cz\/wp-content\/uploads\/2021\/08\/kufry1-1024x768.jpg\" alt=\"\" class=\"wp-image-430\" srcset=\"https:\/\/myroute.cz\/wp-content\/uploads\/2021\/08\/kufry1-1024x768.jpg 1024w, https:\/\/myroute.cz\/wp-content\/uploads\/2021\/08\/kufry1-300x225.jpg 300w, https:\/\/myroute.cz\/wp-content\/uploads\/2021\/08\/kufry1-768x576.jpg 768w, https:\/\/myroute.cz\/wp-content\/uploads\/2021\/08\/kufry1-1536x1152.jpg 1536w, https:\/\/myroute.cz\/wp-content\/uploads\/2021\/08\/kufry1-2048x1536.jpg 2048w, https:\/\/myroute.cz\/wp-content\/uploads\/2021\/08\/kufry1-850x638.jpg 850w\" sizes=\"auto, (max-width: 1024px) 100vw, 1024px\" \/><\/a><\/figure>\n<\/figure>\n<\/div>\n<\/div>\n\n\n\n<hr class=\"wp-block-separator has-css-opacity\"\/>\n\n\n\n<p><strong>V\u00e1lec GEAR 60l<\/strong><\/p>\n\n\n\n<p>Supr prostorn\u00fd vak od \u010cesk\u00e9ho v\u00fdrobce. Supr zpracov\u00e1n\u00ed, odolnost. T\u011bsnost proti vod\u011b 100%. Voz\u00edm v n\u011bm p\u0159edev\u0161\u00edm v\u011bci na span\u00ed (stan, spac\u00ed pytel, karimatku a \u017eidli\u010dku).<\/p>\n\n\n\n<figure class=\"wp-block-image size-large\"><img loading=\"lazy\" decoding=\"async\" width=\"1024\" height=\"768\" src=\"https:\/\/myroute.cz\/wp-content\/uploads\/2021\/08\/60l-gear-1024x768.jpg\" alt=\"\" class=\"wp-image-431\" srcset=\"https:\/\/myroute.cz\/wp-content\/uploads\/2021\/08\/60l-gear-1024x768.jpg 1024w, https:\/\/myroute.cz\/wp-content\/uploads\/2021\/08\/60l-gear-300x225.jpg 300w, https:\/\/myroute.cz\/wp-content\/uploads\/2021\/08\/60l-gear-768x576.jpg 768w, https:\/\/myroute.cz\/wp-content\/uploads\/2021\/08\/60l-gear-1536x1152.jpg 1536w, https:\/\/myroute.cz\/wp-content\/uploads\/2021\/08\/60l-gear-2048x1536.jpg 2048w, https:\/\/myroute.cz\/wp-content\/uploads\/2021\/08\/60l-gear-850x638.jpg 850w\" sizes=\"auto, (max-width: 1024px) 100vw, 1024px\" \/><\/figure>\n\n\n\n<hr class=\"wp-block-separator has-css-opacity\"\/>\n\n\n\n<h2 class=\"wp-block-heading has-text-align-center\">Vy\u0159azen\u00e1 polo\u017eky<\/h2>\n\n\n\n<hr class=\"wp-block-separator has-alpha-channel-opacity\"\/>\n\n\n\n<p><strong>Hrazda pro uchycen\u00ed dr\u017e\u00e1ku navigace<\/strong><\/p>\n\n\n\n<p>Hrazdi\u010dka pro uchycen\u00ed navigace. Jedn\u00e1 se o \u010d\u00ednu za p\u00e1r dolar\u016f, tak uvid\u00edme, jak bude slou\u017eit. Po\u010d\u00edt\u00e1m, \u017ee stejn\u011b jako drah\u00fd TT \ud83d\ude42 <\/p>\n\n\n\n<figure class=\"wp-block-image size-large\"><img loading=\"lazy\" decoding=\"async\" width=\"1024\" height=\"768\" src=\"https:\/\/myroute.cz\/wp-content\/uploads\/2021\/08\/GPSholder-1024x768.jpg\" alt=\"\" class=\"wp-image-366\" srcset=\"https:\/\/myroute.cz\/wp-content\/uploads\/2021\/08\/GPSholder-1024x768.jpg 1024w, https:\/\/myroute.cz\/wp-content\/uploads\/2021\/08\/GPSholder-300x225.jpg 300w, https:\/\/myroute.cz\/wp-content\/uploads\/2021\/08\/GPSholder-768x576.jpg 768w, https:\/\/myroute.cz\/wp-content\/uploads\/2021\/08\/GPSholder-1536x1152.jpg 1536w, https:\/\/myroute.cz\/wp-content\/uploads\/2021\/08\/GPSholder-2048x1536.jpg 2048w, https:\/\/myroute.cz\/wp-content\/uploads\/2021\/08\/GPSholder-850x638.jpg 850w\" sizes=\"auto, (max-width: 1024px) 100vw, 1024px\" \/><\/figure>\n\n\n\n<hr class=\"wp-block-separator has-css-opacity\"\/>\n\n\n\n<p><strong>Dr\u017e\u00e1k navigace <\/strong><\/p>\n\n\n\n<p>Nab\u00edjec\u00ed l\u016f\u017eko pro GARMIN Montanu 6X0. Uchycen\u00e1 v dr\u017e\u00e1ku od <a rel=\"noreferrer noopener\" href=\"http:\/\/www.moto-drzak-mobilu.cz\/\" target=\"_blank\">http:\/\/www.moto-drzak-mobilu.cz\/<\/a> Funguje bez probl\u00e9m\u016f, ov\u011b\u0159eno z p\u0159ede\u0161l\u00e9 1090R.<\/p>\n\n\n\n<p><a href=\"https:\/\/myroute.cz\/wp-admin\/edit.php?post_type=page\"><\/a><\/p>\n\n\n\n<figure class=\"wp-block-image size-large\"><img loading=\"lazy\" decoding=\"async\" width=\"1024\" height=\"768\" src=\"https:\/\/myroute.cz\/wp-content\/uploads\/2021\/08\/Garminholder-1024x768.jpg\" alt=\"\" class=\"wp-image-367\" srcset=\"https:\/\/myroute.cz\/wp-content\/uploads\/2021\/08\/Garminholder-1024x768.jpg 1024w, https:\/\/myroute.cz\/wp-content\/uploads\/2021\/08\/Garminholder-300x225.jpg 300w, https:\/\/myroute.cz\/wp-content\/uploads\/2021\/08\/Garminholder-768x576.jpg 768w, https:\/\/myroute.cz\/wp-content\/uploads\/2021\/08\/Garminholder-1536x1152.jpg 1536w, https:\/\/myroute.cz\/wp-content\/uploads\/2021\/08\/Garminholder-2048x1536.jpg 2048w, https:\/\/myroute.cz\/wp-content\/uploads\/2021\/08\/Garminholder-850x638.jpg 850w\" sizes=\"auto, (max-width: 1024px) 100vw, 1024px\" \/><\/figure>\n\n\n\n<hr class=\"wp-block-separator has-css-opacity\"\/>\n\n\n\n<p><strong>Navigace Garmin Montana 610 <\/strong><\/p>\n\n\n\n<p>Navigace Garmin Montana 610. Nen\u00ed to zcela motocyklov\u00e1 navigace ale d\u00e1 se tak pou\u017e\u00edvat. Rozhodn\u011b bych j\u00ed nedoporu\u010dil jako navigaci na motorku, kter\u00e1 bude jezdit v\u00fdhradn\u011b po silnici. Za\u010d\u00e1tky s Montanou byli t\u011b\u017ek\u00e9 a v jednu chv\u00edli jsem j\u00ed cht\u011bl prodat ale na\u0161t\u011bst\u00ed jsem to neud\u011blal a na\u0161el zp\u016fsob, jak j\u00ed pou\u017e\u00edvat k m\u00e9 spokojenosti. Za pen\u00edze Montany rozhodn\u011b se\u017eenete lep\u0161\u00ed moto navigaci na silnici, kter\u00e1 nab\u00eddne pokro\u010dil\u00e9 funkce (sledov\u00e1n\u00ed provozu, po\u010das\u00ed na cest\u011b, klikat\u00e9 silnice atd. atd.). Montanu bych doporu\u010dil sp\u00ed\u0161e t\u011bm, co budou brouzdat n\u011bkde mimo asfalt a na silnic se spolehnou sp\u00ed\u0161e na cedule a Montanu pou\u017eijou sp\u00ed\u0161e jako berli\u010dku v nouzi \ud83d\ude42 Pochv\u00e1lit mus\u00edm supr displej, kter\u00fd je \u010diteln\u00fd za v\u0161ech okolnost\u00ed, solidn\u00ed v\u00fddr\u017e baterie a mo\u017enost tam frknou tu\u017ekov\u00e9 baterie, velmi p\u0159esn\u00fd 3-os\u00fd kompas. <\/p>\n\n\n\n<figure class=\"wp-block-image size-large\"><img loading=\"lazy\" decoding=\"async\" width=\"1024\" height=\"768\" src=\"https:\/\/myroute.cz\/wp-content\/uploads\/2021\/08\/GarminMontana-1024x768.jpg\" alt=\"\" class=\"wp-image-368\" srcset=\"https:\/\/myroute.cz\/wp-content\/uploads\/2021\/08\/GarminMontana-1024x768.jpg 1024w, https:\/\/myroute.cz\/wp-content\/uploads\/2021\/08\/GarminMontana-300x225.jpg 300w, https:\/\/myroute.cz\/wp-content\/uploads\/2021\/08\/GarminMontana-768x576.jpg 768w, https:\/\/myroute.cz\/wp-content\/uploads\/2021\/08\/GarminMontana-1536x1152.jpg 1536w, https:\/\/myroute.cz\/wp-content\/uploads\/2021\/08\/GarminMontana-2048x1536.jpg 2048w, https:\/\/myroute.cz\/wp-content\/uploads\/2021\/08\/GarminMontana-850x638.jpg 850w\" sizes=\"auto, (max-width: 1024px) 100vw, 1024px\" \/><\/figure>\n\n\n\n<hr class=\"wp-block-separator has-css-opacity\"\/>\n","protected":false},"excerpt":{"rendered":"<p>Izolace v\u00fdfukov\u00e9ho svodu Prvn\u00ed \u00fapravou, co jsem na 1290R ud\u011blal byla izolace v\u00fdfukov\u00e9ho svodu v oblasti tlumi\u010de. Jedn\u00e1 se o klasickou izolaci svod\u016f pro osobn\u00ed automobily. V prvn\u00ed \u0159ad\u011b tato \u00faprava zved\u00e1 v letn\u00edch dnech tepeln\u00fd komfort od pasu dolu.<\/p>\n","protected":false},"author":1,"featured_media":0,"parent":0,"menu_order":0,"comment_status":"closed","ping_status":"closed","template":"","meta":{"_uf_show_specific_survey":0,"_uf_disable_surveys":false,"footnotes":""},"class_list":["post-123","page","type-page","status-publish","hentry"],"_links":{"self":[{"href":"https:\/\/myroute.cz\/index.php\/wp-json\/wp\/v2\/pages\/123","targetHints":{"allow":["GET"]}}],"collection":[{"href":"https:\/\/myroute.cz\/index.php\/wp-json\/wp\/v2\/pages"}],"about":[{"href":"https:\/\/myroute.cz\/index.php\/wp-json\/wp\/v2\/types\/page"}],"author":[{"embeddable":true,"href":"https:\/\/myroute.cz\/index.php\/wp-json\/wp\/v2\/users\/1"}],"replies":[{"embeddable":true,"href":"https:\/\/myroute.cz\/index.php\/wp-json\/wp\/v2\/comments?post=123"}],"version-history":[{"count":81,"href":"https:\/\/myroute.cz\/index.php\/wp-json\/wp\/v2\/pages\/123\/revisions"}],"predecessor-version":[{"id":587,"href":"https:\/\/myroute.cz\/index.php\/wp-json\/wp\/v2\/pages\/123\/revisions\/587"}],"wp:attachment":[{"href":"https:\/\/myroute.cz\/index.php\/wp-json\/wp\/v2\/media?parent=123"}],"curies":[{"name":"wp","href":"https:\/\/api.w.org\/{rel}","templated":true}]}}